{"id":12309,"date":"2026-01-28T18:02:01","date_gmt":"2026-01-28T17:02:01","guid":{"rendered":"https:\/\/www.centerplast.de\/prise-de-rendez-vous\/"},"modified":"2026-05-12T12:14:41","modified_gmt":"2026-05-12T10:14:41","slug":"prise-de-rendez-vous","status":"publish","type":"page","link":"https:\/\/www.centerplast.de\/fr\/prise-de-rendez-vous\/","title":{"rendered":"Prise de rendez-vous"},"content":{"rendered":"                                                    \n<div id=\"bptb-block-container-6a08f82e4343d\" class=\"bp-block-container alignfull position-relative bg-blanc pt-9 pt-lg-9 pb-9 pb-lg-9 is-layout-flow wp-block-bp-container-is-layout-flow\"\n        >\n\n    \n                            <div class=\"container container-small-medium \">\n                    <div class=\"acf-innerblocks-container\">\n<div id='bptb-block-form-appointment-6a08f82e3244f' class='bp-block-appointment-form'><section id=\"appointment\" class=\"form-outer px-4 px-md-6 py-4 py-md-5 shadow bg-green-light\">\n            <div class=\"form-container appointment-form-container\"\n             id=\"appointment_form\"\n             data-step=\"1\">\n            <div class=\"form-header mb-2 mb-md-4\">\n                <progress max=\"4\" value=\"0.5\" class=\"progress-bar d-block w-100\"><\/progress>\n            <\/div>\n            <div class=\"row justify-content-between\">\n                <div class=\"col-12\">\n\n                    <div class=\"text-center\">\n                        <div class=\"fw-medium\">\n                            Demande de rendez-vous en ligne\n                        <\/div>\n                        <div class=\"h4\">\n                                Traitement souhait\u00e9\n                        <\/div>\n                                                                            <p>\n                                                                        <p class=\"mb-4\">Veuillez s\u00e9lectionner les soins que vous souhaitez. <br> Vous pouvez \u00e9galement ajouter plusieurs soins \u00e0 votre demande de rendez-vous.<\/p>\n                            \n                            <\/p>\n                                            <\/div>\n\n                    <div>\n                        \n                            <form name=\"appointment_step1\" method=\"post\" action=\"https:\/\/www.centerplast.de\/fr\/prise-de-rendez-vous\/\" id=\"\" novalidate=\"novalidate\" class=\"ajax-form configurator\" data-replace=\".form-container\">\n\n                            \n    <div class=\"category-grid\">\n                    <div class=\"category-item submit-on-change\">\n                <div class=\"form-check\"><input type=\"radio\" id=\"appointment_step1_category_0\" name=\"appointment_step1[category]\" required=\"required\" class=\"category-radio-input visually-hidden form-check-input\" data-icon=\"Array\" value=\"6701\" \/>\n        <label class=\"form-check-label required\" for=\"appointment_step1_category_0\">Botox<\/label><\/div>\n                <label for=\"appointment_step1_category_0\" class=\"category-card\">\n                    <div class=\"icon\">\n                        <img decoding=\"async\" src=\"https:\/\/www.centerplast.de\/wp-content\/uploads\/2024\/02\/botox.png\"\n                             alt=\"Botox - Icon\"\n                             class=\"img-fluid\"\n                        height=\"105\">\n                    <\/div>\n                    <span class=\"label-text mt-2 d-block\">Botox<\/span>\n                <\/label>\n            <\/div>\n                    <div class=\"category-item submit-on-change\">\n                <div class=\"form-check\"><input type=\"radio\" id=\"appointment_step1_category_1\" name=\"appointment_step1[category]\" required=\"required\" class=\"category-radio-input visually-hidden form-check-input\" data-icon=\"Array\" value=\"6713\" \/>\n        <label class=\"form-check-label required\" for=\"appointment_step1_category_1\">Corps<\/label><\/div>\n                <label for=\"appointment_step1_category_1\" class=\"category-card\">\n                    <div class=\"icon\">\n                        <img decoding=\"async\" src=\"https:\/\/www.centerplast.de\/wp-content\/uploads\/2024\/02\/koerper.png\"\n                             alt=\"Corps - Icon\"\n                             class=\"img-fluid\"\n                        height=\"105\">\n                    <\/div>\n                    <span class=\"label-text mt-2 d-block\">Corps<\/span>\n                <\/label>\n            <\/div>\n                    <div class=\"category-item submit-on-change\">\n                <div class=\"form-check\"><input type=\"radio\" id=\"appointment_step1_category_2\" name=\"appointment_step1[category]\" required=\"required\" class=\"category-radio-input visually-hidden form-check-input\" data-icon=\"Array\" value=\"6695\" \/>\n        <label class=\"form-check-label required\" for=\"appointment_step1_category_2\">Filler<\/label><\/div>\n                <label for=\"appointment_step1_category_2\" class=\"category-card\">\n                    <div class=\"icon\">\n                        <img decoding=\"async\" src=\"https:\/\/www.centerplast.de\/wp-content\/uploads\/2024\/02\/filler.png\"\n                             alt=\"Filler - Icon\"\n                             class=\"img-fluid\"\n                        height=\"105\">\n                    <\/div>\n                    <span class=\"label-text mt-2 d-block\">Filler<\/span>\n                <\/label>\n            <\/div>\n                    <div class=\"category-item submit-on-change\">\n                <div class=\"form-check\"><input type=\"radio\" id=\"appointment_step1_category_3\" name=\"appointment_step1[category]\" required=\"required\" class=\"category-radio-input visually-hidden form-check-input\" data-icon=\"Array\" value=\"6662\" \/>\n        <label class=\"form-check-label required\" for=\"appointment_step1_category_3\">Peau &amp; cheveux<\/label><\/div>\n                <label for=\"appointment_step1_category_3\" class=\"category-card\">\n                    <div class=\"icon\">\n                        <img decoding=\"async\" src=\"https:\/\/www.centerplast.de\/wp-content\/uploads\/2024\/02\/haut-und-haare.png\"\n                             alt=\"Peau &amp; cheveux - Icon\"\n                             class=\"img-fluid\"\n                        height=\"105\">\n                    <\/div>\n                    <span class=\"label-text mt-2 d-block\">Peau &amp; cheveux<\/span>\n                <\/label>\n            <\/div>\n                    <div class=\"category-item submit-on-change\">\n                <div class=\"form-check\"><input type=\"radio\" id=\"appointment_step1_category_4\" name=\"appointment_step1[category]\" required=\"required\" class=\"category-radio-input visually-hidden form-check-input\" data-icon=\"Array\" value=\"6707\" \/>\n        <label class=\"form-check-label required\" for=\"appointment_step1_category_4\">Poitrine d\u2019homme<\/label><\/div>\n                <label for=\"appointment_step1_category_4\" class=\"category-card\">\n                    <div class=\"icon\">\n                        <img decoding=\"async\" src=\"https:\/\/www.centerplast.de\/wp-content\/uploads\/2024\/02\/maennerbrust.png\"\n                             alt=\"Poitrine d\u2019homme - Icon\"\n                             class=\"img-fluid\"\n                        height=\"105\">\n                    <\/div>\n                    <span class=\"label-text mt-2 d-block\">Poitrine d\u2019homme<\/span>\n                <\/label>\n            <\/div>\n                    <div class=\"category-item submit-on-change\">\n                <div class=\"form-check\"><input type=\"radio\" id=\"appointment_step1_category_5\" name=\"appointment_step1[category]\" required=\"required\" class=\"category-radio-input visually-hidden form-check-input\" data-icon=\"Array\" value=\"6686\" \/>\n        <label class=\"form-check-label required\" for=\"appointment_step1_category_5\">Seins f\u00e9minins<\/label><\/div>\n                <label for=\"appointment_step1_category_5\" class=\"category-card\">\n                    <div class=\"icon\">\n                        <img decoding=\"async\" src=\"https:\/\/www.centerplast.de\/wp-content\/uploads\/2024\/02\/weibliche-brust.png\"\n                             alt=\"Seins f\u00e9minins - Icon\"\n                             class=\"img-fluid\"\n                        height=\"105\">\n                    <\/div>\n                    <span class=\"label-text mt-2 d-block\">Seins f\u00e9minins<\/span>\n                <\/label>\n            <\/div>\n                    <div class=\"category-item submit-on-change\">\n                <div class=\"form-check\"><input type=\"radio\" id=\"appointment_step1_category_6\" name=\"appointment_step1[category]\" required=\"required\" class=\"category-radio-input visually-hidden form-check-input\" data-icon=\"Array\" value=\"6680\" \/>\n        <label class=\"form-check-label required\" for=\"appointment_step1_category_6\">Visage<\/label><\/div>\n                <label for=\"appointment_step1_category_6\" class=\"category-card\">\n                    <div class=\"icon\">\n                        <img decoding=\"async\" src=\"https:\/\/www.centerplast.de\/wp-content\/uploads\/2024\/02\/gesicht.png\"\n                             alt=\"Visage - Icon\"\n                             class=\"img-fluid\"\n                        height=\"105\">\n                    <\/div>\n                    <span class=\"label-text mt-2 d-block\">Visage<\/span>\n                <\/label>\n            <\/div>\n                    <div class=\"category-item submit-on-change\">\n                <div class=\"form-check\"><input type=\"radio\" id=\"appointment_step1_category_7\" name=\"appointment_step1[category]\" required=\"required\" class=\"category-radio-input visually-hidden form-check-input\" data-icon=\"Array\" value=\"6719\" \/>\n        <label class=\"form-check-label required\" for=\"appointment_step1_category_7\">Zone intime<\/label><\/div>\n                <label for=\"appointment_step1_category_7\" class=\"category-card\">\n                    <div class=\"icon\">\n                        <img decoding=\"async\" src=\"https:\/\/www.centerplast.de\/wp-content\/uploads\/2024\/02\/intimbereich.png\"\n                             alt=\"Zone intime - Icon\"\n                             class=\"img-fluid\"\n                        height=\"105\">\n                    <\/div>\n                    <span class=\"label-text mt-2 d-block\">Zone intime<\/span>\n                <\/label>\n            <\/div>\n            <\/div>\n\n    <input type=\"hidden\" id=\"appointment_step1__token\" name=\"appointment_step1[_token]\" value=\"0385309ce816136f221984d35.WKk9iKtYtX56AqH817v9CgUdtHdggW4saau98tsnqus.aP5ez80vzRoOZpmqhf6xYl1N4EQ3tQ1uENrnnKxC2LQi-lHi4TXnPCpYyg\" \/>\n\n\n                            \n                                <div class=\"form-navigation mt-7\">\n                                   <div class=\"submit d-flex flex-wrap justify-content-between align-items-center mt-3\">\n                                                                                  <div class=\"placeholder step-1 order-2 order-md-1\"><\/div>\n                                       \n                                       \n                                       <button type=\"submit\"\n                                               name=\"forward\"\n                                               class=\"btn order-3 forward-button btn-primary\">\n                                           Continuer\n                                       <\/button>\n                                   <\/div>\n                               <\/div>\n\n                            \n                            <\/form>\n\n                                            <\/div>\n                <\/div>\n\n            <\/div>\n\n            <div class=\"form-step-spinner\" aria-hidden=\"true\">\n                <div class=\"form-step-spinner__icon\"><\/div>\n            <\/div>\n\n            <script type=\"text\/javascript\">\n                document.getElementById('appointment').scrollIntoView({\n                    behavior: 'smooth'\n                });\n            <\/script>\n\n        <\/div>\n\n    \n<\/section><\/div>\n<\/div>\n                <\/div>\n            \n<\/div>\n","protected":false},"excerpt":{"rendered":"","protected":false},"author":2,"featured_media":0,"parent":0,"menu_order":0,"comment_status":"closed","ping_status":"closed","template":"","meta":{"_acf_changed":false,"_seopress_robots_primary_cat":"","_seopress_titles_title":"","_seopress_titles_desc":"","_seopress_robots_index":"","footnotes":""},"class_list":["post-12309","page","type-page","status-publish","hentry"],"acf":[],"_links":{"self":[{"href":"https:\/\/www.centerplast.de\/fr\/wp-json\/wp\/v2\/pages\/12309","targetHints":{"allow":["GET"]}}],"collection":[{"href":"https:\/\/www.centerplast.de\/fr\/wp-json\/wp\/v2\/pages"}],"about":[{"href":"https:\/\/www.centerplast.de\/fr\/wp-json\/wp\/v2\/types\/page"}],"author":[{"embeddable":true,"href":"https:\/\/www.centerplast.de\/fr\/wp-json\/wp\/v2\/users\/2"}],"replies":[{"embeddable":true,"href":"https:\/\/www.centerplast.de\/fr\/wp-json\/wp\/v2\/comments?post=12309"}],"version-history":[{"count":1,"href":"https:\/\/www.centerplast.de\/fr\/wp-json\/wp\/v2\/pages\/12309\/revisions"}],"predecessor-version":[{"id":12310,"href":"https:\/\/www.centerplast.de\/fr\/wp-json\/wp\/v2\/pages\/12309\/revisions\/12310"}],"wp:attachment":[{"href":"https:\/\/www.centerplast.de\/fr\/wp-json\/wp\/v2\/media?parent=12309"}],"curies":[{"name":"wp","href":"https:\/\/api.w.org\/{rel}","templated":true}]}}