{"id":6360,"date":"2024-02-07T15:56:37","date_gmt":"2024-02-07T14:56:37","guid":{"rendered":"https:\/\/www.centerplast.de\/mentions-legales\/"},"modified":"2024-04-24T17:47:31","modified_gmt":"2024-04-24T15:47:31","slug":"mentions-legales","status":"publish","type":"page","link":"https:\/\/www.centerplast.de\/fr\/mentions-legales\/","title":{"rendered":"Mentions l\u00e9gales"},"content":{"rendered":"                                                    \n<div id=\"bptb-block-container-69e8105423f53\" class=\"bp-block-container alignfull position-relative bg-white pt-6 pt-lg-9 pb-6 pb-lg-9 is-layout-flow wp-block-bp-container-is-layout-flow\"\n        >\n\n    \n                            <div class=\"container container-small-medium \">\n                    <div class=\"acf-innerblocks-container\">\n\n<h1 class=\"wp-block-heading\">Mentions l\u00e9gales<\/h1>\n\n\n\n<h3 class=\"wp-block-heading is-style-display-3\" id=\"verantwortlich-im-sinne-von-5-telemediengesetz-tmg-sind\">Responsables au sens du \u00a7 5 de la loi sur les t\u00e9l\u00e9m\u00e9dias (TMG) :<\/h3>\n\n\n\n<p>Dr. med. Adelana Santos Stahl<br>Priv. Doz. Dr. med. St\u00e9phane Stahl<br>36, rue de la Gare<br>66111 Sarrebruck  <\/p>\n\n\n\n<p>T\u00e9l\u00e9phone : +49 681 30140055<br>T\u00e9l\u00e9copieur : +49 681 30140077<br>Courrier \u00e9lectronique : <a href=\"mailto:info@centerplast.de\">info@centerplast.de<\/a><br>Num\u00e9ro de TVA : DE 3184 7651 3<\/p>\n\n\n\n<p><strong>Autorit\u00e9 de surveillance<\/strong>:<br>\u00c4rztekammer des Saarlandes, Faktoreistra\u00dfe 4, 66111 Saarbr\u00fccken, <a href=\"https:\/\/www.aerztekammer-saarland.de\/\" target=\"_blank\" rel=\"noreferrer noopener\">www.aerztekammer-saarland.de<\/a><\/p>\n\n\n\n<p><strong>Association m\u00e9dicale comp\u00e9tente :<\/strong><br>Kassen\u00e4rztliche Vereinigung Saarland, Europaallee 7 &#8211; 9, 66113 Saarbr\u00fccken, <a href=\"https:\/\/www.kvsaarland.de\/\" target=\"_blank\" rel=\"noreferrer noopener\">www.kvsaarland.de<\/a><\/p>\n\n\n\n<p><strong>Titre professionnel :<\/strong><br>Dr. med. Adelana Santos Stahl &#8211; m\u00e9decin (dipl\u00f4m\u00e9 en R\u00e9publique f\u00e9d\u00e9rale d&rsquo;Allemagne)  <br>Priv. Doz. Dr. med. St\u00e9phane Stahl &#8211; m\u00e9decin (dipl\u00f4m\u00e9 en R\u00e9publique f\u00e9d\u00e9rale d&rsquo;Allemagne)<\/p>\n\n\n\n<p><strong>Forme juridique :<\/strong><br>Soci\u00e9t\u00e9 civile<\/p>\n\n\n\n<p><strong>Repr\u00e9sentant l\u00e9gal :<\/strong><br>Dr. med. Adelana Santos Stahl et Priv. Doz. Dr. med. St\u00e9phane Stahl sont les associ\u00e9s g\u00e9rants<\/p>\n\n\n\n<p><strong>Droits d&rsquo;auteur :<\/strong><br>La mise en page du site, les graphiques utilis\u00e9s et les autres contenus sont prot\u00e9g\u00e9s par des droits d&rsquo;auteur. Toute reproduction ou utilisation des textes et graphiques dans d&rsquo;autres publications \u00e9lectroniques ou imprim\u00e9es est interdite sans autorisation expresse.<\/p>\n\n\n\n<h2 class=\"wp-block-heading is-style-display-3\" id=\"haftungsbeschrankung\">Limitation de responsabilit\u00e9<\/h2>\n\n\n\n<h4 class=\"wp-block-heading\" id=\"streitschlichtung\">R\u00e8glement des litiges<\/h4>\n\n\n\n<p>La Commission europ\u00e9enne met \u00e0 disposition une plateforme de r\u00e8glement en ligne des litiges (RLL) <a href=\"https:\/\/ec.europa.eu\/consumers\/odr\/main\/index.cfm?event=main.home.chooseLanguage\" target=\"_blank\" rel=\"noreferrer noopener nofollow\">: https:\/\/ec.europa.eu\/consumers\/odr.<\/a> Nous ne sommes pas dispos\u00e9s ou oblig\u00e9s de participer \u00e0 des proc\u00e9dures de r\u00e8glement des litiges devant un organisme de conciliation des consommateurs.<\/p>\n\n\n\n<h4 class=\"wp-block-heading\" id=\"haftung-fur-inhalte\">Responsabilit\u00e9 du contenu<\/h4>\n\n\n\n<p>En tant que prestataire de services, nous sommes tenus, conform\u00e9ment au \u00a7 7 al.1 TMG pour ses propres contenus sur ces pages selon les lois g\u00e9n\u00e9rales. Conform\u00e9ment aux \u00a7\u00a7 8 \u00e0 10 de la TMG, nous ne sommes toutefois pas tenus, en tant que prestataire de services, de surveiller les informations externes transmises ou enregistr\u00e9es ou de rechercher des circonstances indiquant une activit\u00e9 ill\u00e9gale.<\/p>\n\n\n\n<p>Les obligations de supprimer ou de bloquer l&rsquo;utilisation d&rsquo;informations conform\u00e9ment aux lois g\u00e9n\u00e9rales ne sont pas affect\u00e9es par cette disposition. Une responsabilit\u00e9 \u00e0 cet \u00e9gard n&rsquo;est toutefois possible qu&rsquo;\u00e0 partir du moment o\u00f9 une violation concr\u00e8te de la loi est connue. Si nous prenons connaissance d&rsquo;une telle violation, nous supprimerons imm\u00e9diatement ce contenu.<\/p>\n\n\n\n<h4 class=\"wp-block-heading\" id=\"haftung-fur-links\">Responsabilit\u00e9 des liens<\/h4>\n\n\n\n<p>Notre offre contient des liens vers des sites web externes de tiers, sur lesquels nous n&rsquo;avons aucune influence. Nous ne pouvons donc pas nous porter garants de ces contenus externes. Le fournisseur ou l&rsquo;exploitant des pages li\u00e9es est toujours responsable du contenu de ces pages. Les pages li\u00e9es ont \u00e9t\u00e9 v\u00e9rifi\u00e9es au moment de la cr\u00e9ation du lien afin de s&rsquo;assurer qu&rsquo;elles n&rsquo;enfreignaient pas la loi. Aucun contenu ill\u00e9gal n&rsquo;a \u00e9t\u00e9 identifi\u00e9 au moment de la cr\u00e9ation des liens.<\/p>\n\n\n\n<p>Un contr\u00f4le permanent du contenu des pages li\u00e9es n&rsquo;est cependant pas exigible sans indices concrets d&rsquo;une violation de la loi. Si nous prenons connaissance d&rsquo;une violation de la loi, nous supprimerons imm\u00e9diatement les liens en question.<\/p>\n\n\n\n<h4 class=\"wp-block-heading\" id=\"urheberrecht\">Droit d&rsquo;auteur<\/h4>\n\n\n\n<p>Les contenus et \u0153uvres cr\u00e9\u00e9s par les exploitants de ces pages sont soumis au droit d&rsquo;auteur allemand. La reproduction, l&rsquo;adaptation, la diffusion et toute forme d&rsquo;exploitation en dehors des limites du droit d&rsquo;auteur requi\u00e8rent l&rsquo;accord \u00e9crit de l&rsquo;auteur ou du cr\u00e9ateur concern\u00e9. Les t\u00e9l\u00e9chargements et les copies de cette page ne sont autoris\u00e9s que pour un usage priv\u00e9 et non commercial.<\/p>\n\n\n\n<p>Dans la mesure o\u00f9 les contenus de ce site n&rsquo;ont pas \u00e9t\u00e9 cr\u00e9\u00e9s par l&rsquo;exploitant, les droits d&rsquo;auteur de tiers sont respect\u00e9s. En particulier, les contenus de tiers sont identifi\u00e9s comme tels. Si vous constatez n\u00e9anmoins une violation des droits d&rsquo;auteur, nous vous prions de nous en informer. Si nous prenons connaissance d&rsquo;une violation de la loi, nous supprimerons imm\u00e9diatement le contenu en question.<\/p>\n\n\n\n<h4 class=\"wp-block-heading\">Netiquette pour les canaux de m\u00e9dias sociaux<\/h4>\n\n\n\n<p>Sur nos cha\u00eenes, profils et pages de r\u00e9seaux sociaux, il y a des commentaires de nombreux utilisateurs. La plupart du temps, la discussion est une excellente source d&rsquo;inspiration, parfois \u00e9puisante et chronophage, rarement blessante et d\u00e9primante.<\/p>\n\n\n\n<p>Par cons\u00e9quent, sur mes canaux de m\u00e9dias sociaux, nous nous r\u00e9servons le droit de supprimer ou de masquer des commentaires ou de bloquer des utilisateurs pour d&rsquo;autres commentaires sans pr\u00e9avis ni justification. Pour ce faire, nous agissons selon les crit\u00e8res suivants :<\/p>\n\n\n\n<p><strong>Photos de profil et pseudos<\/strong><\/p>\n\n\n\n<p>Nous n&rsquo;insistons pas sur l&rsquo;obligation d&rsquo;utiliser un nom clair sur certaines plates-formes (par exemple Facebook) et nous discutons \u00e9galement avec des personnes qui prot\u00e8gent leur vie priv\u00e9e en utilisant un pseudonyme et une photo de profil fantaisiste. Cependant, si les pseudonymes et les photos de profil sont offensants, racistes, m\u00e9prisants ou repr\u00e9sentent l&rsquo;affirmation d&rsquo;\u00eatre une autre personne ou entreprise \/ institution r\u00e9elle, nous supprimerons ou ignorerons ces commentaires et, le cas \u00e9ch\u00e9ant, bloquerons l&rsquo;utilisateur ou l&rsquo;utilisatrice pour d&rsquo;autres commentaires.<\/p>\n\n\n\n<p><strong>Exprimer son opinion et \u00e9changer<\/strong><\/p>\n\n\n\n<p>Nous sommes pour la libert\u00e9 d&rsquo;expression et nous la d\u00e9fendons.  <\/p>\n\n\n\n<p>Cependant, tout ce qui est \u00e9crit n&rsquo;est pas forc\u00e9ment une opinion. Nous nous r\u00e9servons le droit de supprimer des commentaires et de bloquer des utilisateurs dans les cas suivants :  <\/p>\n\n\n\n<ul class=\"is-style-check wp-block-list\">\n<li>Contenu qui manque d&rsquo;objectivit\u00e9 ou de v\u00e9rit\u00e9 ou qui contient des phrases assassines(https:\/\/www.rhetorik.ch\/Killer\/Killer.html)<\/li>\n\n\n\n<li>Contenu portant atteinte ou susceptible de porter atteinte aux droits d&rsquo;auteur ou \u00e0 d&rsquo;autres droits de tiers (droits de la personnalit\u00e9)<\/li>\n\n\n\n<li>Contenu susceptible de mettre en danger, d&rsquo;affecter ou de nuire durablement aux mineurs<\/li>\n\n\n\n<li>Contenu de nature criminelle ou diffamatoire<\/li>\n\n\n\n<li>Contenu de nature anticonstitutionnelle ou extr\u00e9miste ou provenant de groupes interdits<\/li>\n\n\n\n<li>Contenu contenant des virus ou autres \u00e9l\u00e9ments nuisibles<\/li>\n\n\n\n<li>Contenu contenant des informations priv\u00e9es telles que noms, adresses postales, num\u00e9ros de t\u00e9l\u00e9phone ou adresses \u00e9lectroniques<\/li>\n\n\n\n<li>les insultes, les injures, les contenus ill\u00e9gaux et ceux qui posent des probl\u00e8mes \u00e9thiques et moraux<\/li>\n\n\n\n<li>Publicit\u00e9 (d\u00e9guis\u00e9e en opinion) pour une entreprise\/marque\/institution ou un parti politique<\/li>\n\n\n\n<li>Commentaires avec des liens vers du contenu r\u00e9pondant aux crit\u00e8res ci-dessus<\/li>\n<\/ul>\n\n\n\n<p><strong>Contributions hors sujet<\/strong><\/p>\n\n\n\n<p>Les messages qui n&rsquo;ont aucun rapport avec le sujet en question seront supprim\u00e9s sans commentaire de notre part.<\/p>\n\n\n\n<p><strong>Responsabilit\u00e9<\/strong><\/p>\n\n\n\n<p>Les utilisateurs sont eux-m\u00eames responsables des contenus qu&rsquo;ils publient et des cons\u00e9quences \u00e9ventuelles. Sur les r\u00e9seaux sociaux, ils sont en outre soumis aux conditions d&rsquo;utilisation et aux directives communautaires de la plate-forme concern\u00e9e.<\/p>\n\n\n\n<h4 class=\"wp-block-heading\" id=\"urheberrecht\">Utilisation de Google Analytics<\/h4>\n\n\n\n<p>Nous utilisons Google Analytics pour analyser l&rsquo;utilisation du site. Les donn\u00e9es ainsi obtenues sont utilis\u00e9es pour optimiser notre site web ainsi que les mesures publicitaires.<\/p>\n\n\n\n<p>Google Analytics nous est fourni par Google Ireland Limited (Gordon House, Barrow Street, Dublin 4, Irlande). Google traite les donn\u00e9es relatives \u00e0 l&rsquo;utilisation du site pour notre compte et s&rsquo;engage contractuellement \u00e0 prendre des mesures pour garantir la s\u00e9curit\u00e9 et la confidentialit\u00e9 des donn\u00e9es trait\u00e9es.<\/p>\n\n\n\n<p>Les donn\u00e9es suivantes, entre autres, sont enregistr\u00e9es lors de votre visite sur le site :<\/p>\n\n\n\n<ul class=\"is-style-check wp-block-list\">\n<li>Pages consult\u00e9es<\/li>\n\n\n\n<li>La r\u00e9alisation des \u00ab\u00a0objectifs du site web\u00a0\u00bb.<\/li>\n\n\n\n<li>Votre comportement sur les pages<\/li>\n\n\n\n<li>Votre localisation approximative (pays et ville)<\/li>\n\n\n\n<li>votre adresse IP (sous forme abr\u00e9g\u00e9e, de sorte qu&rsquo;il n&rsquo;est pas possible de l&rsquo;attribuer clairement)<\/li>\n\n\n\n<li>Informations techniques telles que le navigateur, le fournisseur d&rsquo;acc\u00e8s Internet, le terminal et la r\u00e9solution d&rsquo;\u00e9cran<\/li>\n\n\n\n<li>la source de votre visite (c.-\u00e0-d. le site web ou le support publicitaire par lequel vous \u00eates arriv\u00e9 chez nous)<\/li>\n\n\n\n<li>Les donn\u00e9es personnelles telles que le nom, l&rsquo;adresse ou les coordonn\u00e9es ne sont jamais transmises \u00e0 Google Analytics.<\/li>\n<\/ul>\n\n\n\n<p>Ces donn\u00e9es sont transmises aux serveurs de Google aux \u00c9tats-Unis. Nous attirons votre attention sur le fait que le niveau de protection des donn\u00e9es aux \u00c9tats-Unis ne peut pas \u00eatre garanti de la m\u00eame mani\u00e8re qu&rsquo;au sein de l&rsquo;UE.<\/p>\n\n\n\n<p>Google Analytics stocke des cookies dans votre navigateur Web pendant une p\u00e9riode de deux ans \u00e0 compter de votre derni\u00e8re visite. Ces cookies contiennent un identifiant d&rsquo;utilisateur g\u00e9n\u00e9r\u00e9 de mani\u00e8re al\u00e9atoire qui permet de vous reconna\u00eetre lors de vos prochaines visites sur le site.<\/p>\n\n\n\n<p>Les donn\u00e9es enregistr\u00e9es sont stock\u00e9es avec l&rsquo;ID utilisateur g\u00e9n\u00e9r\u00e9 de mani\u00e8re al\u00e9atoire, ce qui permet d&rsquo;\u00e9valuer des profils d&rsquo;utilisateurs pseudonymes. Les autres donn\u00e9es sont conserv\u00e9es sous forme agr\u00e9g\u00e9e pour une dur\u00e9e ind\u00e9termin\u00e9e.<\/p>\n\n\n\n<p>Si vous n&rsquo;\u00eates pas d&rsquo;accord avec cette collecte, vous pouvez l&#8217;emp\u00eacher en installant une seule fois le module compl\u00e9mentaire de navigateur pour la d\u00e9sactivation de Google Analytics.<\/p>\n\n\n<p>Bildnachweise:<br>&copy; Friends Stock &#8211; stock.adobe.com<br>&copy; Halfpoint \u2013 stock.adobe.com<br>&copy; Svetlana Fedoseeva \u2013 Adobe Stock<br>&copy; Pixel-Shot \u2013 stock.adobe.com<br>&copy; JpegPhotographer \u2013 stock.adobe.com<br>&copy; stockfotografie.net \u2013 stock.adobe.com<br>&copy; Friends Stock \u2013 stock.adobe.com<br>&copy; staras \u2013 stock.adobe.com<br>&copy; Tatiana Foxy \u2013 stock.adobe.com<br>&copy; \u042e\u043b\u044f \u0411\u0443\u0440\u043c\u0438\u0441\u0442\u0440\u043e\u0432\u0430 \u2013 stock.adobe.com<br>&copy; Donson\/peopleimages.com \u2013 stock.adobe.com<br>&copy; troyanphoto \u2013 Adobe Stock<br>&copy; \u0415\u043b\u0435\u043d\u0430 \u0425\u0430\u0439\u0440\u0443\u043b\u043b\u0438\u043d\u0430 \u2013 Adobe Stock<br>&copy; Viktoria Ostroushko \u2013 Adobe Stock<br>&copy; staras \u2013 Adobe Stock<br>&copy; \u7406\u7d75 \u30b8\u30e5\u30c8 \u2013 Adobe Stock<br>&copy; Tatyana Gladskih \u2013 Adobe Stock<br>&copy; cristianstorto &#8211; stock.adobe.com<br>&copy; CoffeeAndMilk &#8211; istockphoto.com<br>&copy; deniskomarov &#8211; stock.adobe.com<br>&copy; fizkes &#8211; stock.adobe.com<br>&copy; New Africa &#8211; stock.adobe.com<br>&copy; staras &#8211; stock.adobe.com<br>&copy; Svitlana &#8211; stock.adobe.com<br>&copy; Maris &#8211; stock.adobe.com<br>&copy; LIGHTFIELD STUDIOS &#8211; stock.adobe.com<br>&copy; F8 \\ Suport Ukraine &#8211; stock.adobe.com<br>&copy; gilaxia &#8211; istockphoto.com<br>&copy; olegphotor &#8211; stock.adobe.com<br>&copy; puhhha &#8211; stock.adobe.com<br>&copy; svetikd &#8211; istockphoto.com<br>&copy; Drobot Dean &#8211; stock.adobe.com<br>&copy; 22Imagesstudio &#8211; stock.adobe.com<br>&copy; Jacob Lund &#8211; stock.adobe.com<br>&copy; Aleksandr Doodko &#8211; stock.adobe.com<br>&copy; Vectoressa &#8211; stock.adobe.com<br>&copy; \u041c\u0430\u0440\u0438\u043d\u0430 \u0414\u0435\u043c\u0435\u0448\u043a\u043e &#8211; stock.adobe.com<br>&copy; Prostock-studio &#8211; stock.adobe.com<br>&copy; hedgehog94 &#8211; stock.adobe.com<br>&copy; Microgen &#8211; stock.adobe.com<br>&copy; Pixel-Shot &#8211; stock.adobe.com<br>&copy; Yakobchuk Olena &#8211; stock.adobe.com<br>&copy; insta_photos &#8211; stock.adobe.com<br>&copy; Rido &#8211; stock.adobe.com<br>&copy; master1305 &#8211; stock.adobe.com<br>&copy; agnieszka_marcinska &#8211; stock.adobe.com<br>&copy; RAKOVSKIY &#8211; stock.adobe.com<br>&copy; Elnur &#8211; stock.adobe.com<br>&copy; Sean Nel &#8211; stock.adobe.com<br>&copy; Elle Bramble\/Cultura Creative &#8211; stock.adobe.com<br>&copy;  mimagephotos &#8211; stock.adobe.com<br>&copy; kegfire &#8211; stock.adobe.com<br>&copy; Andrey Popov &#8211; stock.adobe.com<br>&copy;  yellowj &#8211; stock.adobe.com<br>&copy; ViDi Studio &#8211; stock.adobe.com<br>&copy; andreaobzerova &#8211; stock.adobe.com<br>&copy; Liudmila Dutko &#8211; stock.adobe.com<br>&copy; Romario Ien &#8211; stock.adobe.com<br>&copy; Buyanskyy Production &#8211; stock.adobe.com<br>&copy; deagreez &#8211; stock.adobe.com<br>&copy; Lustre &#8211; stock.adobe.com<br>&copy; gstockstudio &#8211; stock.adobe.com<br>&copy; Micah C\/peopleimages.com &#8211; stock.adobe.com<br>&copy; Kalim &#8211; stock.adobe.com<br>&copy; Utkamandarinka &#8211; stock.adobe.com<br>&copy; Jeff Bergen\/peopleimages.com &#8211; stock.adobe.com<br>&copy; Syda Productions &#8211; stock.adobe.com<br>&copy; wernerimages &#8211; istockphoto.com<br>&copy; Kirsten Davis\/peopleimages.com &#8211; stock.adobe.com<br>&copy; blackday &#8211; stock.adobe.com<br>&copy; Svetlana Fedoseeva &#8211; stock.adobe.com<br>&copy; Tinatin &#8211; stock.adobe.com<br>&copy; gpointstudio &#8211; stock.adobe.com<br>&copy; svetikd \u2013 istockphoto.com<\/p>\n<\/div>\n                <\/div>\n            \n<\/div>\n\n\n                                                    \n<div id=\"bptb-block-container-69e8105426bf0\" class=\"bp-block-container alignfull position-relative bg-white pt-6 pt-lg-0 pb-6 pb-lg-0 is-layout-flow wp-block-bp-container-is-layout-flow\"\n        >\n\n    \n                            <div class=\"container container-wide \">\n                    <div class=\"acf-innerblocks-container\">\n<div id=\"bptb-block-personal-advice-69e810542698b\" class=\"bp-block-personal-advice position-relative  bg-secondary-light overflow-x-hidden alignfull\"\ndata-overlapping=\"true\">\n            <div class=\"overlapping d-none d-lg-block bg-white\"\n        style=&quot;height:20%;&quot;><\/div>\n        <div class=\"container text-primary py-7 py-lg-0\">\n        <div class=\"row justify-content-center\">\n            <div class=\"col-lg-10\">\n                <div class=\"row\">\n                                            <div class=\"col-lg-6\">\n                            <div class=\"image-container position-relative d-none d-lg-block\">\n                                <img decoding=\"async\"\n                                        src=\"https:\/\/www.centerplast.de\/wp-content\/uploads\/2024\/02\/persoenliche-beratung-600x716.png\"\n                                        alt=\"\"\n                                        width=\"600\"\n                                        height=\"716\"\n                                        loading=\"lazy\"\n                                        class=\"d-block img-fluid\"\n                                >\n                            <\/div>\n                        <\/div>\n                                        <div class=\"col-12 col-lg-5 content-col d-flex align-items-center\">\n                        <div class=\"acf-innerblocks-container\">\n\n<h2 class=\"wp-block-heading\">Conseil personnalis\u00e9<\/h2>\n\n\n\n<p class=\"has-text-align-left is-style-paragraph-1\">Nous prenons le temps de vous conseiller et de vous offrir un traitement sur mesure pour un r\u00e9sultat personnalis\u00e9.<\/p>\n\n\n<div id=\"bptb-block-button-group-69e8105425a5f\" class=\"bp-block-button-group\">\n    <div class=\"acf-innerblocks-container d-flex flex-wrap flex-row justify-content-start\">\n\n<a href=\"https:\/\/www.doctolib.de\/gemeinschaftspraxis\/saarbruecken\/centerplast\"\n   class=\"bp-block-button-item btn btn-icon-link btn-appointment-circle\"\n   target=\"_blank\"\n>\n\n                                <i class=\"icon icon-appointment-circle\"><\/i>\n            \n    <span class=\"btn-text \">\n        Prendre rendez-vous\n    <\/span>\n\n<\/a>\n\n\n    \n    <a href=\"https:\/\/www.centerplast.de\/fr\/a-propos-de-nous\/pratique\/consultation-video\/\" class=\"bp-block-button-item btn btn-icon-link btn-icon  btn-video-consultation-circle\" target=\"\">\n                                                <i class=\"icon icon-video-consultation-circle\"><\/i>\n            \n                            <span class=\"btn-text text-primary\">R\u00e9server une consultation vid\u00e9o<\/span>\n            <\/a>\n\n<\/div>\n<\/div>\n<\/div>\n                    <\/div>\n                <\/div>\n            <\/div>\n        <\/div>\n    <\/div>\n<\/div>\n\n\n\n<\/div>\n                <\/div>\n            \n<\/div>\n","protected":false},"excerpt":{"rendered":"","protected":false},"author":2,"featured_media":0,"parent":0,"menu_order":0,"comment_status":"closed","ping_status":"closed","template":"","meta":{"_acf_changed":false,"_seopress_robots_primary_cat":"","_seopress_titles_title":"Mentions l\u00e9gales | CenterPlast Sarrebruck","_seopress_titles_desc":"Mentions l\u00e9gales pour le site web du cabinet communautaire CenterPlast Stahl Santos Stahl I Donn\u00e9es juridiques et de contact","_seopress_robots_index":"","footnotes":""},"class_list":["post-6360","page","type-page","status-publish","hentry"],"acf":[],"_links":{"self":[{"href":"https:\/\/www.centerplast.de\/fr\/wp-json\/wp\/v2\/pages\/6360","targetHints":{"allow":["GET"]}}],"collection":[{"href":"https:\/\/www.centerplast.de\/fr\/wp-json\/wp\/v2\/pages"}],"about":[{"href":"https:\/\/www.centerplast.de\/fr\/wp-json\/wp\/v2\/types\/page"}],"author":[{"embeddable":true,"href":"https:\/\/www.centerplast.de\/fr\/wp-json\/wp\/v2\/users\/2"}],"replies":[{"embeddable":true,"href":"https:\/\/www.centerplast.de\/fr\/wp-json\/wp\/v2\/comments?post=6360"}],"version-history":[{"count":5,"href":"https:\/\/www.centerplast.de\/fr\/wp-json\/wp\/v2\/pages\/6360\/revisions"}],"predecessor-version":[{"id":8661,"href":"https:\/\/www.centerplast.de\/fr\/wp-json\/wp\/v2\/pages\/6360\/revisions\/8661"}],"wp:attachment":[{"href":"https:\/\/www.centerplast.de\/fr\/wp-json\/wp\/v2\/media?parent=6360"}],"curies":[{"name":"wp","href":"https:\/\/api.w.org\/{rel}","templated":true}]}}