{"id":6366,"date":"2024-02-08T17:44:22","date_gmt":"2024-02-08T16:44:22","guid":{"rendered":"https:\/\/www.centerplast.de\/mediatheque\/"},"modified":"2024-04-23T12:10:57","modified_gmt":"2024-04-23T10:10:57","slug":"mediatheque","status":"publish","type":"page","link":"https:\/\/www.centerplast.de\/fr\/mediatheque\/","title":{"rendered":"M\u00e9diath\u00e8que"},"content":{"rendered":"                                                    \n<div id=\"bptb-block-container-69e7e69c1973b\" class=\"bp-block-container alignfull position-relative bg-white pt-6 pt-lg-0 pb-6 pb-lg-0 is-layout-flow wp-block-bp-container-is-layout-flow\"\n        >\n\n    \n                            <div class=\"container container-medium \">\n                    <div class=\"acf-innerblocks-container\">\n    <section class=\"breadcrumb-container  pt-3 pt-lg-5 is-layout-flow wp-block-bp-breadcrumbs-is-layout-flow\">\n                                   <div class=\"animation-container overflow-navigation\" data-aos=\"fade-down\" data-aos-anchor=\"#page-header\">\n                    <nav  aria-label=\"Fil d&#039;Ariane\"><ol class=\"breadcrumb overflow-element\" itemscope itemtype=\"https:\/\/schema.org\/BreadcrumbList\"><li class=\"breadcrumb-item active\" aria-current=\"page\" itemprop=\"itemListElement\" itemscope itemtype=\"https:\/\/schema.org\/ListItem\"><span itemprop=\"name\">Page d&rsquo;accueil<\/span><meta itemprop=\"position\" content=\"1\"><\/li><\/ol><\/nav>\n                    <div class=\"overflow-navigation-items\">\n                        <button type=\"button\" class=\"btn btn-overflow btn-overflow-prev d-none\" aria-label=\"button left\">\n                            <i class=\"icon icon-chevron-left\" title=\"left\"><\/i>\n                        <\/button>\n                        <button type=\"button\" class=\"btn btn-overflow btn-overflow-next\" aria-label=\"button right\">\n                            <i class=\"icon icon-chevron-right\" title=\"right\"><\/i>\n                        <\/button>\n                    <\/div>\n                <\/div>\n                    <\/section>\n\n<\/div>\n                <\/div>\n            \n<\/div>\n\n\n                                                    \n<div id=\"bptb-block-container-69e7e69c19a09\" class=\"bp-block-container alignfull position-relative bg-white pt-6 pt-lg-9 pb-6 pb-lg-0 is-layout-flow wp-block-bp-container-is-layout-flow\"\n        >\n\n    \n                            <div class=\"container container-small \">\n                    <div class=\"acf-innerblocks-container\">\n\n<h1 class=\"wp-block-heading has-text-align-center\">M\u00e9diath\u00e8que<\/h1>\n\n\n\n<p class=\"has-text-align-center\">Sur cette page, vous trouverez toutes nos vid\u00e9os, qui r\u00e9pondent aux questions et aux doutes les plus fr\u00e9quents concernant les traitements de chirurgie plastique que nous proposons, tout en vous donnant un aper\u00e7u de notre travail.<\/p>\n\n<\/div>\n                <\/div>\n            \n<\/div>\n\n\n                                                    \n<div id=\"bptb-block-container-69e7e69c1dde5\" class=\"bp-block-container alignfull position-relative bg-white pt-6 pt-lg-9 pb-6 pb-lg-9 is-layout-flow wp-block-bp-container-is-layout-flow\"\n        >\n\n    \n                            <div class=\"container container-wide \">\n                    <div class=\"acf-innerblocks-container\">\n<div id=\"bptb-block-archive-post-69e7e69c1da82\" class=\"bp-block-archive-posts-with-filter\">\n\n    \n            <div class=\"cats-navigation mb-4 mb-md-6\">\n            <div class=\"d-lg-none\">\n                <strong class=\"d-block\">Filtern nach<\/strong>\n                <button class=\"cats-toggler btn btn-outline-primary d-block w-100 collapsed\"\n                     data-toggle=\"collapse\" data-target=\"#collapse-archive-cats\">\n                    Thema ausw\u00e4hlen\n                <\/button>\n            <\/div>\n          <div class=\"outer position-relative\">\n              <ul class=\"d-none d-lg-flex gap-2 cats-dropdown\" id=\"collapse-archive-cats\">\n                                    <li class=\"active\">\n                      <a href=\"https:\/\/www.centerplast.de\/fr\/mediathek\/magazin\/\" class=\"btn btn-sm btn-outline-secondary btn-cat text-primary text-decoration-none\">\n                          Alle\n                      <\/a>\n                  <\/li>\n                                                          <li class=\"\">\n                          <a href=\"https:\/\/www.centerplast.de\/fr\/kategorie-magazin\/abdominoplastie\/\" class=\"btn btn-sm btn-outline-secondary btn-cat text-primary\">\n                              Abdominoplastie\n                          <\/a>\n                      <\/li>\n                                        <li class=\"\">\n                          <a href=\"https:\/\/www.centerplast.de\/fr\/kategorie-magazin\/corps\/\" class=\"btn btn-sm btn-outline-secondary btn-cat text-primary\">\n                              Corps\n                          <\/a>\n                      <\/li>\n                                        <li class=\"\">\n                          <a href=\"https:\/\/www.centerplast.de\/fr\/kategorie-magazin\/poitrine\/\" class=\"btn btn-sm btn-outline-secondary btn-cat text-primary\">\n                              Poitrine\n                          <\/a>\n                      <\/li>\n                                        <li class=\"\">\n                          <a href=\"https:\/\/www.centerplast.de\/fr\/kategorie-magazin\/visage\/\" class=\"btn btn-sm btn-outline-secondary btn-cat text-primary\">\n                              Visage\n                          <\/a>\n                      <\/li>\n                                <\/ul>\n          <\/div>\n        <\/div>\n    \n            <div class=\"row gy-5\">\n                            <div class=\"col-md-6 col-lg-4\">\n                    <div class=\"card card-post h-100 position-relative\">\n\n    <a class=\"stretched-link\" href=\"https:\/\/www.centerplast.de\/fr\/mediathek\/magazin\/liposuccion-sans-chirurgie-que-peut-on-reellement-obtenir\/\">\n                    <span class=\"visually-hidden\">Liposuccion sans chirurgie : que peut-on r\u00e9ellement obtenir ?<\/span>\n            <\/a>\n    \n    <div class=\"card-img-top-container position-relative overflow-hidden\">\n        <img decoding=\"async\" src=\"https:\/\/www.centerplast.de\/wp-content\/uploads\/2026\/04\/adobestock_1549473686-535x300.jpeg\"\n             alt=\"Oberschenkel, Vorbereitung einer Fettabsaugung ohne OP\"\n             width=\"535\"\n             height=\"300\" loading=\"lazy\"\n             class=\"card-img-top img-fluid\">\n    <\/div>\n\n    <div class=\"card-body d-flex flex-column justify-content-between\">\n        <div class=\"top-content\">\n            <h3 class=\"h5 text-primary mb-3 mt-3\">Liposuccion sans chirurgie : que peut-on r\u00e9ellement obtenir ?<\/h3>\n                    <\/div>\n\n            <\/div>\n<\/div>                <\/div>\n                            <div class=\"col-md-6 col-lg-4\">\n                    <div class=\"card card-post h-100 position-relative\">\n\n    <a class=\"stretched-link\" href=\"https:\/\/www.centerplast.de\/fr\/mediathek\/magazin\/liposuccion-couts-et-possibilites-de-financement\/\">\n                    <span class=\"visually-hidden\">Liposuccion : co\u00fbts et possibilit\u00e9s de financement<\/span>\n            <\/a>\n    \n    <div class=\"card-img-top-container position-relative overflow-hidden\">\n        <img decoding=\"async\" src=\"https:\/\/www.centerplast.de\/wp-content\/uploads\/2026\/03\/adobestock_493996274-535x300.jpeg\"\n             alt=\"Person kneift sich in die H\u00fcfte, symbolisiert Fettabsaugung\"\n             width=\"535\"\n             height=\"300\" loading=\"lazy\"\n             class=\"card-img-top img-fluid\">\n    <\/div>\n\n    <div class=\"card-body d-flex flex-column justify-content-between\">\n        <div class=\"top-content\">\n            <h3 class=\"h5 text-primary mb-3 mt-3\">Liposuccion : co\u00fbts et possibilit\u00e9s de financement<\/h3>\n                    <\/div>\n\n            <\/div>\n<\/div>                <\/div>\n                            <div class=\"col-md-6 col-lg-4\">\n                    <div class=\"card card-post h-100 position-relative\">\n\n    <a class=\"stretched-link\" href=\"https:\/\/www.centerplast.de\/fr\/mediathek\/magazin\/biostimulateurs-naturellement-beaux-grace-a-la-production-de-collagene\/\">\n                    <span class=\"visually-hidden\">Biostimulateurs &#8211; naturellement beaux gr\u00e2ce \u00e0 la production de collag\u00e8ne<\/span>\n            <\/a>\n    \n    <div class=\"card-img-top-container position-relative overflow-hidden\">\n        <img decoding=\"async\" src=\"https:\/\/www.centerplast.de\/wp-content\/uploads\/2025\/09\/adobestock_359411983-535x300.jpeg\"\n             alt=\"Frau nach einer Behandlung mit Biostimulatoren\"\n             width=\"535\"\n             height=\"300\" loading=\"lazy\"\n             class=\"card-img-top img-fluid\">\n    <\/div>\n\n    <div class=\"card-body d-flex flex-column justify-content-between\">\n        <div class=\"top-content\">\n            <h3 class=\"h5 text-primary mb-3 mt-3\">Biostimulateurs &#8211; naturellement beaux gr\u00e2ce \u00e0 la production de collag\u00e8ne<\/h3>\n                    <\/div>\n\n            <\/div>\n<\/div>                <\/div>\n                            <div class=\"col-md-6 col-lg-4\">\n                    <div class=\"card card-post h-100 position-relative\">\n\n    <a class=\"stretched-link\" href=\"https:\/\/www.centerplast.de\/fr\/mediathek\/magazin\/quel-est-linteret-reel-dun-masque-a-led\/\">\n                    <span class=\"visually-hidden\">Quel est l&rsquo;int\u00e9r\u00eat r\u00e9el d&rsquo;un masque \u00e0 LED ?<\/span>\n            <\/a>\n    \n    <div class=\"card-img-top-container position-relative overflow-hidden\">\n        <img decoding=\"async\" src=\"https:\/\/www.centerplast.de\/wp-content\/uploads\/2025\/09\/adobestock_1384100917-535x300.jpeg\"\n             alt=\"Person mit LED-Maske auf dem Gesicht\"\n             width=\"535\"\n             height=\"300\" loading=\"lazy\"\n             class=\"card-img-top img-fluid\">\n    <\/div>\n\n    <div class=\"card-body d-flex flex-column justify-content-between\">\n        <div class=\"top-content\">\n            <h3 class=\"h5 text-primary mb-3 mt-3\">Quel est l&rsquo;int\u00e9r\u00eat r\u00e9el d&rsquo;un masque \u00e0 LED ?<\/h3>\n                    <\/div>\n\n            <\/div>\n<\/div>                <\/div>\n                            <div class=\"col-md-6 col-lg-4\">\n                    <div class=\"card card-post h-100 position-relative\">\n\n    <a class=\"stretched-link\" href=\"https:\/\/www.centerplast.de\/fr\/mediathek\/magazin\/supprimer-le-double-menton-quelles-sont-les-methodes-vraiment-efficaces-des-remedes-maison-a-la-chirurgie\/\">\n                    <span class=\"visually-hidden\">Supprimer le double menton : quelles sont les m\u00e9thodes vraiment efficaces, des rem\u00e8des maison \u00e0 la chirurgie ?<\/span>\n            <\/a>\n    \n    <div class=\"card-img-top-container position-relative overflow-hidden\">\n        <img decoding=\"async\" src=\"https:\/\/www.centerplast.de\/wp-content\/uploads\/2025\/09\/adobestock_1614125693-535x300.jpeg\"\n             alt=\"Frau hat sich ihr Doppelkinn entfernen lassen\"\n             width=\"535\"\n             height=\"300\" loading=\"lazy\"\n             class=\"card-img-top img-fluid\">\n    <\/div>\n\n    <div class=\"card-body d-flex flex-column justify-content-between\">\n        <div class=\"top-content\">\n            <h3 class=\"h5 text-primary mb-3 mt-3\">Supprimer le double menton : quelles sont les m\u00e9thodes vraiment efficaces, des rem\u00e8des maison \u00e0 la chirurgie ?<\/h3>\n                    <\/div>\n\n            <\/div>\n<\/div>                <\/div>\n                            <div class=\"col-md-6 col-lg-4\">\n                    <div class=\"card card-post h-100 position-relative\">\n\n    <a class=\"stretched-link\" href=\"https:\/\/www.centerplast.de\/fr\/mediathek\/magazin\/reduction-mammaire-et-cicatrices-tout-sur-la-guerison-et-les-soins\/\">\n                    <span class=\"visually-hidden\">R\u00e9duction mammaire et cicatrices : Tout sur la gu\u00e9rison et les soins<\/span>\n            <\/a>\n    \n    <div class=\"card-img-top-container position-relative overflow-hidden\">\n        <img decoding=\"async\" src=\"https:\/\/www.centerplast.de\/wp-content\/uploads\/2025\/04\/narben-nach-brustverkleinerung-wird-durch-frauenhaende-vor-brust-symbolisiert-535x300.jpg\"\n             alt=\"Frauenh\u00e4nde vor weiblicher Brust symbolisieren Narben nach Brustverkleinerung\"\n             width=\"535\"\n             height=\"300\" loading=\"lazy\"\n             class=\"card-img-top img-fluid\">\n    <\/div>\n\n    <div class=\"card-body d-flex flex-column justify-content-between\">\n        <div class=\"top-content\">\n            <h3 class=\"h5 text-primary mb-3 mt-3\">R\u00e9duction mammaire et cicatrices : Tout sur la gu\u00e9rison et les soins<\/h3>\n                    <\/div>\n\n            <\/div>\n<\/div>                <\/div>\n                            <div class=\"col-md-6 col-lg-4\">\n                    <div class=\"card card-post h-100 position-relative\">\n\n    <a class=\"stretched-link\" href=\"https:\/\/www.centerplast.de\/fr\/mediathek\/magazin\/prevenir-et-traiter-laffaissement-des-seins-ce-qui-aide-vraiment\/\">\n                    <span class=\"visually-hidden\">Pr\u00e9venir et traiter l&rsquo;affaissement des seins : Ce qui aide vraiment<\/span>\n            <\/a>\n    \n    <div class=\"card-img-top-container position-relative overflow-hidden\">\n        <img decoding=\"async\" src=\"https:\/\/www.centerplast.de\/wp-content\/uploads\/2025\/04\/haengebrust-vorbeugen-centerplast-saarbruecken-535x300.jpg\"\n             alt=\"Weiblicher Oberk\u00f6rper wird von einem Arm bedeckt, symbolisiert H\u00e4ngebrust vorbeugen\"\n             width=\"535\"\n             height=\"300\" loading=\"lazy\"\n             class=\"card-img-top img-fluid\">\n    <\/div>\n\n    <div class=\"card-body d-flex flex-column justify-content-between\">\n        <div class=\"top-content\">\n            <h3 class=\"h5 text-primary mb-3 mt-3\">Pr\u00e9venir et traiter l&rsquo;affaissement des seins : Ce qui aide vraiment<\/h3>\n                    <\/div>\n\n            <\/div>\n<\/div>                <\/div>\n                            <div class=\"col-md-6 col-lg-4\">\n                    <div class=\"card card-post h-100 position-relative\">\n\n    <a class=\"stretched-link\" href=\"https:\/\/www.centerplast.de\/fr\/mediathek\/magazin\/se-debarrasser-de-la-graisse-des-hanches-les-methodes-les-plus-efficaces-pour-affiner-la-taille\/\">\n                    <span class=\"visually-hidden\">Se d\u00e9barrasser de la graisse des hanches : Les m\u00e9thodes les plus efficaces pour affiner la taille<\/span>\n            <\/a>\n    \n    <div class=\"card-img-top-container position-relative overflow-hidden\">\n        <img decoding=\"async\" src=\"https:\/\/www.centerplast.de\/wp-content\/uploads\/2025\/02\/hueftspeck-loswerden-wird-durch-kneifende-hand-in-huefte-symbolisiert-535x300.jpg\"\n             alt=\"Kneifende Hand in H\u00fcfte symbolisiert H\u00fcftspeck loswerden\"\n             width=\"535\"\n             height=\"300\" loading=\"lazy\"\n             class=\"card-img-top img-fluid\">\n    <\/div>\n\n    <div class=\"card-body d-flex flex-column justify-content-between\">\n        <div class=\"top-content\">\n            <h3 class=\"h5 text-primary mb-3 mt-3\">Se d\u00e9barrasser de la graisse des hanches : Les m\u00e9thodes les plus efficaces pour affiner la taille<\/h3>\n                    <\/div>\n\n            <\/div>\n<\/div>                <\/div>\n                            <div class=\"col-md-6 col-lg-4\">\n                    <div class=\"card card-post h-100 position-relative\">\n\n    <a class=\"stretched-link\" href=\"https:\/\/www.centerplast.de\/fr\/mediathek\/magazin\/sein-tubulaire-causes-caracteristiques-et-traitement\/\">\n                    <span class=\"visually-hidden\">Sein tubulaire : causes, caract\u00e9ristiques et traitement<\/span>\n            <\/a>\n    \n    <div class=\"card-img-top-container position-relative overflow-hidden\">\n        <img decoding=\"async\" src=\"https:\/\/www.centerplast.de\/wp-content\/uploads\/2024\/12\/tubulaere-brust-wird-durch-verdeckte-nackte-frauenbrust-symbolisiert-535x300.jpg\"\n             alt=\"Verdeckte nackte Frauenbrust symbolisiert tubul\u00e4re Brust\"\n             width=\"535\"\n             height=\"300\" loading=\"lazy\"\n             class=\"card-img-top img-fluid\">\n    <\/div>\n\n    <div class=\"card-body d-flex flex-column justify-content-between\">\n        <div class=\"top-content\">\n            <h3 class=\"h5 text-primary mb-3 mt-3\">Sein tubulaire : causes, caract\u00e9ristiques et traitement<\/h3>\n                    <\/div>\n\n            <\/div>\n<\/div>                <\/div>\n                            <div class=\"col-md-6 col-lg-4\">\n                    <div class=\"card card-post h-100 position-relative\">\n\n    <a class=\"stretched-link\" href=\"https:\/\/www.centerplast.de\/fr\/mediathek\/magazin\/polymastie-causes-symptomes-et-traitement-de-la-formation-de-tissu-mammaire-supplementaire\/\">\n                    <span class=\"visually-hidden\">Polymastie : causes, sympt\u00f4mes et traitement de la formation de tissu mammaire suppl\u00e9mentaire<\/span>\n            <\/a>\n    \n    <div class=\"card-img-top-container position-relative overflow-hidden\">\n        <img decoding=\"async\" src=\"https:\/\/www.centerplast.de\/wp-content\/uploads\/2024\/12\/polymastie-wird-durch-vor-frauenbrust-verschraenkte-arme-symbolisiert-535x300.jpg\"\n             alt=\"Vor Frauenbrust verschr\u00e4nkte Arme symbolisieren Polymastie\"\n             width=\"535\"\n             height=\"300\" loading=\"lazy\"\n             class=\"card-img-top img-fluid\">\n    <\/div>\n\n    <div class=\"card-body d-flex flex-column justify-content-between\">\n        <div class=\"top-content\">\n            <h3 class=\"h5 text-primary mb-3 mt-3\">Polymastie : causes, sympt\u00f4mes et traitement de la formation de tissu mammaire suppl\u00e9mentaire<\/h3>\n                    <\/div>\n\n            <\/div>\n<\/div>                <\/div>\n                            <div class=\"col-md-6 col-lg-4\">\n                    <div class=\"card card-post h-100 position-relative\">\n\n    <a class=\"stretched-link\" href=\"https:\/\/www.centerplast.de\/fr\/mediathek\/magazin\/raffermissement-de-la-peau-apres-une-perte-de-poids-possibilites-deliminer-lexces-de-peau-au-niveau-du-ventre\/\">\n                    <span class=\"visually-hidden\">Raffermissement de la peau apr\u00e8s une perte de poids : possibilit\u00e9s d&rsquo;\u00e9liminer l&rsquo;exc\u00e8s de peau au niveau du ventre<\/span>\n            <\/a>\n    \n    <div class=\"card-img-top-container position-relative overflow-hidden\">\n        <img decoding=\"async\" src=\"https:\/\/www.centerplast.de\/wp-content\/uploads\/2024\/12\/hautstraffung-nach-gewichtsabnahme-wird-durch-ueberschuessige-haut-amb-auch-symbolisiert-535x300.jpg\"\n             alt=\"\u00dcbersch\u00fcssige Haut am Bauch symbolisiert Hautstraffung nach Gewichtsabnahme\n\"\n             width=\"535\"\n             height=\"300\" loading=\"lazy\"\n             class=\"card-img-top img-fluid\">\n    <\/div>\n\n    <div class=\"card-body d-flex flex-column justify-content-between\">\n        <div class=\"top-content\">\n            <h3 class=\"h5 text-primary mb-3 mt-3\">Raffermissement de la peau apr\u00e8s une perte de poids : possibilit\u00e9s d&rsquo;\u00e9liminer l&rsquo;exc\u00e8s de peau au niveau du ventre<\/h3>\n                    <\/div>\n\n            <\/div>\n<\/div>                <\/div>\n                            <div class=\"col-md-6 col-lg-4\">\n                    <div class=\"card card-post h-100 position-relative\">\n\n    <a class=\"stretched-link\" href=\"https:\/\/www.centerplast.de\/fr\/mediathek\/magazin\/se-debarrasser-des-bras-de-fer-conseils-pour-raffermir-les-bras\/\">\n                    <span class=\"visually-hidden\">Se d\u00e9barrasser des bras de fer : Conseils pour raffermir les bras<\/span>\n            <\/a>\n    \n    <div class=\"card-img-top-container position-relative overflow-hidden\">\n        <img decoding=\"async\" src=\"https:\/\/www.centerplast.de\/wp-content\/uploads\/2024\/12\/winkearme-loswerden-frauen-oberarm-mit-haengender-haut-535x300.jpg\"\n             alt=\"H\u00e4ngende Haut an Oberarm symbolisiert Winkearme loswerden\"\n             width=\"535\"\n             height=\"300\" loading=\"lazy\"\n             class=\"card-img-top img-fluid\">\n    <\/div>\n\n    <div class=\"card-body d-flex flex-column justify-content-between\">\n        <div class=\"top-content\">\n            <h3 class=\"h5 text-primary mb-3 mt-3\">Se d\u00e9barrasser des bras de fer : Conseils pour raffermir les bras<\/h3>\n                    <\/div>\n\n            <\/div>\n<\/div>                <\/div>\n                    <\/div>\n    \n    <nav class=\"custom-pagination my-4 my-lg-7\" aria-label=\"Seitennavigation\"><ul class='page-numbers'>\n\t<li><span aria-current=\"page\" class=\"page-numbers current\">1<\/span><\/li>\n\t<li><a class=\"page-numbers\" href=\"https:\/\/www.centerplast.de\/fr\/wp-json\/wp\/v2\/pages\/6366\/page\/2\/\">2<\/a><\/li>\n\t<li><a class=\"next page-numbers\" href=\"https:\/\/www.centerplast.de\/fr\/wp-json\/wp\/v2\/pages\/6366\/page\/2\/\"><i class=\"icon icon-arrow\"><\/i><\/a><\/li>\n<\/ul>\n<\/nav>\n\n<\/div>\n<\/div>\n                <\/div>\n            \n<\/div>\n\n\n<div id=\"bptb-block-personal-advice-69e7e69c20720\" class=\"bp-block-personal-advice position-relative  bg-secondary-light overflow-x-hidden alignfull\"\ndata-overlapping=\"true\">\n            <div class=\"overlapping d-none d-lg-block bg-white\"\n        style=&quot;height:20%;&quot;><\/div>\n        <div class=\"container text-primary py-7 py-lg-0\">\n        <div class=\"row justify-content-center\">\n            <div class=\"col-lg-10\">\n                <div class=\"row\">\n                                            <div class=\"col-lg-6\">\n                            <div class=\"image-container position-relative d-none d-lg-block\">\n                                <img decoding=\"async\"\n                                        src=\"https:\/\/www.centerplast.de\/wp-content\/uploads\/2024\/02\/persoenliche-beratung-600x716.png\"\n                                        alt=\"\"\n                                        width=\"600\"\n                                        height=\"716\"\n                                        loading=\"lazy\"\n                                        class=\"d-block img-fluid\"\n                                >\n                            <\/div>\n                        <\/div>\n                                        <div class=\"col-12 col-lg-5 content-col d-flex align-items-center\">\n                        <div class=\"acf-innerblocks-container\">\n\n<h2 class=\"wp-block-heading\">Conseil personnalis\u00e9<\/h2>\n\n\n\n<p class=\"has-text-align-left is-style-paragraph-1\">Nous prenons le temps de vous conseiller et de vous offrir un traitement sur mesure pour un r\u00e9sultat personnalis\u00e9.<\/p>\n\n\n<div id=\"bptb-block-button-group-69e7e69c1f8f1\" class=\"bp-block-button-group\">\n    <div class=\"acf-innerblocks-container d-flex flex-wrap flex-row justify-content-start\">\n\n<a href=\"https:\/\/www.doctolib.de\/gemeinschaftspraxis\/saarbruecken\/centerplast\"\n   class=\"bp-block-button-item btn btn-icon-link btn-appointment-circle\"\n   target=\"_blank\"\n>\n\n                                <i class=\"icon icon-appointment-circle\"><\/i>\n            \n    <span class=\"btn-text \">\n        Prendre rendez-vous\n    <\/span>\n\n<\/a>\n\n\n    \n    <a href=\"https:\/\/www.centerplast.de\/fr\/a-propos-de-nous\/pratique\/consultation-video\/\" class=\"bp-block-button-item btn btn-icon-link btn-icon  btn-video-consultation-circle\" target=\"\">\n                                                <i class=\"icon icon-video-consultation-circle\"><\/i>\n            \n                            <span class=\"btn-text text-primary\">R\u00e9server une consultation vid\u00e9o<\/span>\n            <\/a>\n\n<\/div>\n<\/div>\n<\/div>\n                    <\/div>\n                <\/div>\n            <\/div>\n        <\/div>\n    <\/div>\n<\/div>\n\n\n","protected":false},"excerpt":{"rendered":"","protected":false},"author":5,"featured_media":0,"parent":0,"menu_order":0,"comment_status":"closed","ping_status":"closed","template":"","meta":{"_acf_changed":false,"_seopress_robots_primary_cat":"","_seopress_titles_title":"M\u00e9diath\u00e8que | CenterPlast Sarrebruck","_seopress_titles_desc":"Vid\u00e9os, articles sp\u00e9cialis\u00e9s et plus encore sur la chirurgie plastique et esth\u00e9tique. D\u00e9couvrez maintenant !","_seopress_robots_index":"","footnotes":""},"class_list":["post-6366","page","type-page","status-publish","hentry"],"acf":[],"_links":{"self":[{"href":"https:\/\/www.centerplast.de\/fr\/wp-json\/wp\/v2\/pages\/6366","targetHints":{"allow":["GET"]}}],"collection":[{"href":"https:\/\/www.centerplast.de\/fr\/wp-json\/wp\/v2\/pages"}],"about":[{"href":"https:\/\/www.centerplast.de\/fr\/wp-json\/wp\/v2\/types\/page"}],"author":[{"embeddable":true,"href":"https:\/\/www.centerplast.de\/fr\/wp-json\/wp\/v2\/users\/5"}],"replies":[{"embeddable":true,"href":"https:\/\/www.centerplast.de\/fr\/wp-json\/wp\/v2\/comments?post=6366"}],"version-history":[{"count":3,"href":"https:\/\/www.centerplast.de\/fr\/wp-json\/wp\/v2\/pages\/6366\/revisions"}],"predecessor-version":[{"id":8386,"href":"https:\/\/www.centerplast.de\/fr\/wp-json\/wp\/v2\/pages\/6366\/revisions\/8386"}],"wp:attachment":[{"href":"https:\/\/www.centerplast.de\/fr\/wp-json\/wp\/v2\/media?parent=6366"}],"curies":[{"name":"wp","href":"https:\/\/api.w.org\/{rel}","templated":true}]}}