{"id":6417,"date":"2024-02-28T14:51:39","date_gmt":"2024-02-28T13:51:39","guid":{"rendered":"https:\/\/www.centerplast.de\/a-propos-de-nous\/temoignages\/"},"modified":"2024-04-23T13:13:21","modified_gmt":"2024-04-23T11:13:21","slug":"temoignages","status":"publish","type":"page","link":"https:\/\/www.centerplast.de\/fr\/a-propos-de-nous\/temoignages\/","title":{"rendered":"T\u00e9moignages"},"content":{"rendered":"<section id=\"bptb-block-page-header-69e7e6a13906f\" class=\"bp-block-page-header position-relative alignfull\" data-type=\"text_image\"\n         \n>\n            \n    \n    \n            <div class=\"outer-container text-image-block-container hide-overlay\">\n\n    <div class=\"image-container container-fluid p-0 d-flex\">\n      <div class=\"row g-0 w-100\">\n          <div class=\"col-md-6\">\n              <div class=\"bg-container bg-secondary h-100 w-100\"><\/div>\n          <\/div>\n          <div class=\"col-md-6 position-relative overflow-hidden\">\n                            <picture>\n                  <source srcset=\"https:\/\/www.centerplast.de\/wp-content\/uploads\/2024\/04\/erfahrungsberichte-der-patienten-von-centerplast.jpg\" media=\"(min-width: 501px)\">\n                  <img fetchpriority=\"high\" decoding=\"async\"\n                      src=\"https:\/\/www.centerplast.de\/wp-content\/uploads\/2024\/04\/erfahrungsberichte-der-patienten-von-centerplast-480x360.jpg\"\n                      alt=\"\"\n                      width=\"960\"\n                      height=\"720\"\n                      loading=\"eager\"\n                      class=\"img-fluid\"\n                  \/>\n              <\/picture>\n                        <\/div>\n      <\/div>\n    <\/div>\n\n            <div class=\"content-container pt-5 pt-lg-0 d-flex h-100 w-100 align-items-center pt-5 pt-lg-9 pb-5 pb-lg-9 \"\n             data-aos=\"fade-down\" data-aos-anchor=\"#bptb-block-page-header-69e7e6a13906f\">\n            <div class=\"inner container\">\n                <div class=\"row justify-content-start\">\n                    <div class=\"col-12 col-md-6 col-lg-6\">\n                        <div class=\"acf-innerblocks-container\">\n\n<h1 class=\"wp-block-heading has-text-align-left is-style-default\">Voix de nos patients<\/h1>\n\n\n<div id=\"bptb-block-button-group-69e7e6a1368f3\" class=\"bp-block-button-group\">\n    <div class=\"acf-innerblocks-container d-flex flex-wrap flex-row justify-content-start\">\n    \n    <a href=\"https:\/\/www.doctolib.de\/gemeinschaftspraxis\/saarbruecken\/centerplast\" class=\"bp-block-button-item btn btn-icon-link btn-icon  btn-arrow-circle-white-right\" target=\"_blank\">\n                                                <i class=\"icon icon-arrow-circle-white-right\"><\/i>\n            \n                            <span class=\"btn-text text-primaire\">Prendre rendez-vous<\/span>\n            <\/a>\n\n<\/div>\n<\/div>\n<\/div>\n                    <\/div>\n                <\/div>\n            <\/div>\n        <\/div>\n    \n<\/div>\n\n    \n<\/section>\n\n\n                                                    \n<div id=\"bptb-block-container-69e7e6a13abc2\" class=\"bp-block-container alignfull position-relative bg-secondary-light pt-6 pt-lg-9 pb-6 pb-lg-9 is-layout-flow wp-block-bp-container-is-layout-flow\"\n        >\n\n    \n                            <div class=\"container container-small \">\n                    <div class=\"acf-innerblocks-container\">\n\n<h2 class=\"wp-block-heading mt-0\">T\u00e9moignages &#8211; \u00c9valuations &#8211; T\u00e9moignages de patients<\/h2>\n\n\n\n<p>La mesure de la qualit\u00e9 de notre travail est la satisfaction de nos patients. Nous sommes tr\u00e8s heureux de recevoir vos commentaires et \u00e9valuations. Les t\u00e9moignages ou les avis de patients peuvent aider d&rsquo;autres patients \u00e0 prendre une d\u00e9cision. De cette mani\u00e8re, l&rsquo;incertitude et l&rsquo;anxi\u00e9t\u00e9 sont r\u00e9duites. Vous trouverez de nombreuses \u00e9valuations sur cette page. De plus, nous vous mettons volontiers en contact avec des patients qui acceptent de partager leur exp\u00e9rience avec vous et de r\u00e9pondre \u00e0 vos \u00e9ventuelles questions. Cela se fait dans le cadre d&rsquo;une consultation personnelle avec votre m\u00e9decin traitant de notre cabinet.<\/p>\n\n\n<div id=\"bptb-block-button-group-69e7e6a1396e5\" class=\"bp-block-button-group\">\n    <div class=\"acf-innerblocks-container d-flex flex-wrap flex-row justify-content-start\">\n    \n    <a href=\"https:\/\/www.doctolib.de\/gemeinschaftspraxis\/saarbruecken\/centerplast\/booking\/insurance-sector?specialityId=1297&amp;telehealth=false&amp;placeId=practice-115021&amp;bookingFunnelSource=profile\" class=\"bp-block-button-item btn btn-icon-link btn-icon  btn-arrow-circle-coloured-right\" target=\"_blank\">\n                                                <svg xmlns=\"http:\/\/www.w3.org\/2000\/svg\" xml:space=\"preserve\" x=\"0\" y=\"0\" version=\"1.1\" viewBox=\"0 0 64 64\">\n  <circle id=\"Ellipse_34\" cx=\"36.6\" cy=\"31.8\" r=\"26.8\" style=\"fill:#d9c69e\"\/>\n\t<g transform=\"translate(0 20)\">\n    <path d=\"M43.5 19.9c-.3 0-.5-.1-.7-.3-.4-.4-.4-1 0-1.4l6.3-6.3-6.3-6.3c-.4-.4-.4-1 0-1.4.4-.4 1-.4 1.4 0l7.7 7.7-7.7 7.7c-.2.2-.4.3-.7.3z\" class=\"st1\"\/>\n\t\t<path d=\"M43.5 12.9H1.4c-.6 0-1-.4-1-1s.4-1 1-1h42.1c.6 0 1 .4 1 1s-.4 1-1 1z\" class=\"st1\"\/>\n  <\/g>\n<\/svg>\n            \n                            <span class=\"btn-text text-primaire\">Prendre rendez-vous<\/span>\n            <\/a>\n\n<\/div>\n<\/div>\n<\/div>\n                <\/div>\n            \n<\/div>\n\n\n                                                    \n<div id=\"bptb-block-container-69e7e6a13ceef\" class=\"bp-block-container alignfull position-relative bg-white pt-6 pt-lg-9 pb-6 pb-lg-9 is-layout-flow wp-block-bp-container-is-layout-flow\"\n        >\n\n    \n                            <div class=\"container container-medium \">\n                    <div class=\"acf-innerblocks-container\">\n\n<h3 class=\"wp-block-heading has-text-align-center\">Ce que disent nos patients<\/h3>\n\n\n    <div id=\"bptb-block-provenexpert-69e7e6a13cbe5\" class=\"bp-block-provenexpert wp-block-box\"\n         data-script-url=\"https:\/\/www.provenexpert.com\/widget\/landing_centerplast.js?feedback=0&amp;avatar=1&amp;competence=1&amp;style=white\"\n         data-style-url=\"https:\/\/www.provenexpert.com\/css\/widget_landing.css\">\n        <!-- ProvenExpert Bewertungssiegel -->\n        <div id=\"pewl\"><\/div>\n        \n        <!-- ProvenExpert Bewertungssiegel Ende -->\n    <\/div>\n\n<\/div>\n                <\/div>\n            \n<\/div>\n\n\n                                                    \n<div id=\"bptb-block-container-69e7e6a140415\" class=\"bp-block-container alignfull position-relative bg-white pt-6 pt-lg-9 mb-6 mb-lg-9 is-layout-flow wp-block-bp-container-is-layout-flow\"\n        data-overlapping=\"true\">\n\n                <div class=\"overlapping bg-white\n            \n        \n\"><\/div>\n    \n                            <div class=\"container container-medium pb-0\">\n                    <div class=\"acf-innerblocks-container\">\n<div id=\"bptb-block-text-image-section-69e7e6a13fa77\" class=\"bp-block-text-image-section mb-nlc-8 mb-nlc-lg-9 changed-order-mobile\">\n    <div class=\"row align-items-center gy-5 gy-lg-0 gx-lg-8\">\n\n        <div class=\"z-3 col-12 col-lg-6 order-lg-2 order-2 pt-lg-6\">\n            <div class=\"acf-innerblocks-container\">\n\n<p><strong>NOS SP\u00c9CIALISTES<\/strong><\/p>\n\n\n\n<h2 class=\"wp-block-heading\" id=\"unsere-erfahrenen-facharzte-fur-plastische-chirurgie\">Nos sp\u00e9cialistes exp\u00e9riment\u00e9s en chirurgie plastique<\/h2>\n\n\n<div id=\"bptb-block-button-group-69e7e6a13d571\" class=\"bp-block-button-group\">\n    <div class=\"acf-innerblocks-container d-flex flex-wrap flex-row justify-content-start\">\n    \n    <a href=\"https:\/\/www.centerplast.de\/fr\/sur-nous\/%C3%A9quipe\/dr-adelana-santos-stahl\/\" class=\"bp-block-button-item btn btn-icon-link btn-icon  btn-arrow-circle-coloured-right\" target=\"\">\n                                                <svg xmlns=\"http:\/\/www.w3.org\/2000\/svg\" xml:space=\"preserve\" x=\"0\" y=\"0\" version=\"1.1\" viewBox=\"0 0 64 64\">\n  <circle id=\"Ellipse_34\" cx=\"36.6\" cy=\"31.8\" r=\"26.8\" style=\"fill:#d9c69e\"\/>\n\t<g transform=\"translate(0 20)\">\n    <path d=\"M43.5 19.9c-.3 0-.5-.1-.7-.3-.4-.4-.4-1 0-1.4l6.3-6.3-6.3-6.3c-.4-.4-.4-1 0-1.4.4-.4 1-.4 1.4 0l7.7 7.7-7.7 7.7c-.2.2-.4.3-.7.3z\" class=\"st1\"\/>\n\t\t<path d=\"M43.5 12.9H1.4c-.6 0-1-.4-1-1s.4-1 1-1h42.1c.6 0 1 .4 1 1s-.4 1-1 1z\" class=\"st1\"\/>\n  <\/g>\n<\/svg>\n            \n                            <span class=\"btn-text text-primary\">Dr. Adelana Santos Stahl<\/span>\n            <\/a>\n\n\n    \n    <a href=\"https:\/\/www.centerplast.de\/fr\/sur-nous\/%C3%A9quipe\/pd-dr-stephane-stahl\/\" class=\"bp-block-button-item btn btn-icon-link btn-icon  btn-arrow-circle-coloured-right\" target=\"\">\n                                                <svg xmlns=\"http:\/\/www.w3.org\/2000\/svg\" xml:space=\"preserve\" x=\"0\" y=\"0\" version=\"1.1\" viewBox=\"0 0 64 64\">\n  <circle id=\"Ellipse_34\" cx=\"36.6\" cy=\"31.8\" r=\"26.8\" style=\"fill:#d9c69e\"\/>\n\t<g transform=\"translate(0 20)\">\n    <path d=\"M43.5 19.9c-.3 0-.5-.1-.7-.3-.4-.4-.4-1 0-1.4l6.3-6.3-6.3-6.3c-.4-.4-.4-1 0-1.4.4-.4 1-.4 1.4 0l7.7 7.7-7.7 7.7c-.2.2-.4.3-.7.3z\" class=\"st1\"\/>\n\t\t<path d=\"M43.5 12.9H1.4c-.6 0-1-.4-1-1s.4-1 1-1h42.1c.6 0 1 .4 1 1s-.4 1-1 1z\" class=\"st1\"\/>\n  <\/g>\n<\/svg>\n            \n                            <span class=\"btn-text text-primary\">PD Dr. St\u00e9phane Stahl<\/span>\n            <\/a>\n\n<\/div>\n<\/div>\n<\/div>\n        <\/div>\n\n        <div class=\"mt-lg-n2 image-container position-relative intersection-animate z-3 animation-swipe swipe2right col-12 col-md-6 col-lg-6 offset-lg-0 order-1\n            mb-5 mb-md-0\"\n             intersection-target=\".animated-img\">\n                                            <div class=\"image-outer \">\n                    <div class=\"image-inner-container animated-img position-relative\">\n                        <img decoding=\"async\"\n                                src=\"https:\/\/www.centerplast.de\/wp-content\/uploads\/2024\/04\/dres-stahl-in-saarbruecken-615x485.jpg\"\n                                alt=\"\"\n                                width=\"615\"\n                                height=\"485\"\n                                loading=\"lazy\"\n                                class=\"img-fluid\"\n                        >\n                    <\/div>\n                <\/div>\n                    <\/div>\n    <\/div>\n<\/div>\n<\/div>\n                <\/div>\n            \n<\/div>\n\n\n<div id=\"bptb-block-personal-advice-69e7e6a14346e\" class=\"bp-block-personal-advice position-relative  bg-secondary-light overflow-x-hidden alignfull\"\ndata-overlapping=\"true\">\n            <div class=\"overlapping d-none d-lg-block bg-white\"\n        style=&quot;height:20%;&quot;><\/div>\n        <div class=\"container text-primary py-7 py-lg-0\">\n        <div class=\"row justify-content-center\">\n            <div class=\"col-lg-10\">\n                <div class=\"row\">\n                                            <div class=\"col-lg-6\">\n                            <div class=\"image-container position-relative d-none d-lg-block\">\n                                <img decoding=\"async\"\n                                        src=\"https:\/\/www.centerplast.de\/wp-content\/uploads\/2024\/02\/persoenliche-beratung-600x716.png\"\n                                        alt=\"\"\n                                        width=\"600\"\n                                        height=\"716\"\n                                        loading=\"lazy\"\n                                        class=\"d-block img-fluid\"\n                                >\n                            <\/div>\n                        <\/div>\n                                        <div class=\"col-12 col-lg-5 content-col d-flex align-items-center\">\n                        <div class=\"acf-innerblocks-container\">\n\n<h2 class=\"wp-block-heading\">Conseil personnalis\u00e9<\/h2>\n\n\n\n<p class=\"has-text-align-left is-style-paragraph-1\">Nous prenons le temps de vous conseiller et de vous offrir un traitement sur mesure pour un r\u00e9sultat personnalis\u00e9.<\/p>\n\n\n<div id=\"bptb-block-button-group-69e7e6a141eff\" class=\"bp-block-button-group\">\n    <div class=\"acf-innerblocks-container d-flex flex-wrap flex-row justify-content-start\">\n\n<a href=\"https:\/\/www.doctolib.de\/gemeinschaftspraxis\/saarbruecken\/centerplast\"\n   class=\"bp-block-button-item btn btn-icon-link btn-appointment-circle\"\n   target=\"_blank\"\n>\n\n                                <i class=\"icon icon-appointment-circle\"><\/i>\n            \n    <span class=\"btn-text \">\n        Prendre rendez-vous\n    <\/span>\n\n<\/a>\n\n\n    \n    <a href=\"https:\/\/www.centerplast.de\/fr\/a-propos-de-nous\/pratique\/consultation-video\/\" class=\"bp-block-button-item btn btn-icon-link btn-icon  btn-video-consultation-circle\" target=\"\">\n                                                <i class=\"icon icon-video-consultation-circle\"><\/i>\n            \n                            <span class=\"btn-text text-primary\">R\u00e9server une consultation vid\u00e9o<\/span>\n            <\/a>\n\n<\/div>\n<\/div>\n<\/div>\n                    <\/div>\n                <\/div>\n            <\/div>\n        <\/div>\n    <\/div>\n<\/div>\n\n\n","protected":false},"excerpt":{"rendered":"","protected":false},"author":2,"featured_media":0,"parent":6353,"menu_order":0,"comment_status":"closed","ping_status":"closed","template":"","meta":{"_acf_changed":false,"_seopress_robots_primary_cat":"","_seopress_titles_title":"T\u00e9moignages | CenterPlast Sarrebruck","_seopress_titles_desc":"Que disent les patients \u00e0 propos du traitement plastique et esth\u00e9tique chez CenterPlast \u00e0 Sarrebruck ? D\u00e9couvrez maintenant !","_seopress_robots_index":"","footnotes":""},"class_list":["post-6417","page","type-page","status-publish","hentry"],"acf":[],"_links":{"self":[{"href":"https:\/\/www.centerplast.de\/fr\/wp-json\/wp\/v2\/pages\/6417","targetHints":{"allow":["GET"]}}],"collection":[{"href":"https:\/\/www.centerplast.de\/fr\/wp-json\/wp\/v2\/pages"}],"about":[{"href":"https:\/\/www.centerplast.de\/fr\/wp-json\/wp\/v2\/types\/page"}],"author":[{"embeddable":true,"href":"https:\/\/www.centerplast.de\/fr\/wp-json\/wp\/v2\/users\/2"}],"replies":[{"embeddable":true,"href":"https:\/\/www.centerplast.de\/fr\/wp-json\/wp\/v2\/comments?post=6417"}],"version-history":[{"count":3,"href":"https:\/\/www.centerplast.de\/fr\/wp-json\/wp\/v2\/pages\/6417\/revisions"}],"predecessor-version":[{"id":8432,"href":"https:\/\/www.centerplast.de\/fr\/wp-json\/wp\/v2\/pages\/6417\/revisions\/8432"}],"up":[{"embeddable":true,"href":"https:\/\/www.centerplast.de\/fr\/wp-json\/wp\/v2\/pages\/6353"}],"wp:attachment":[{"href":"https:\/\/www.centerplast.de\/fr\/wp-json\/wp\/v2\/media?parent=6417"}],"curies":[{"name":"wp","href":"https:\/\/api.w.org\/{rel}","templated":true}]}}