{"id":6435,"date":"2024-02-28T14:58:46","date_gmt":"2024-02-28T13:58:46","guid":{"rendered":"https:\/\/www.centerplast.de\/couts\/assurance-des-frais-de-suivi\/"},"modified":"2024-04-23T12:33:05","modified_gmt":"2024-04-23T10:33:05","slug":"assurance-des-frais-de-suivi","status":"publish","type":"page","link":"https:\/\/www.centerplast.de\/fr\/couts\/assurance-des-frais-de-suivi\/","title":{"rendered":"Assurance des frais de suivi"},"content":{"rendered":"<section id=\"bptb-block-page-header-69e7fce76420f\" class=\"bp-block-page-header position-relative alignfull\" data-type=\"text_image_overlap\"\n         \n>\n            \n    \n    \n            <div class=\"outer-container hide-overlay text-image-overlapping-block-container bg-secondary\">\n    <div class=\"after bg-secondary-light\"><\/div>\n        <div class=\"container container-medium\">\n        <div class=\"inner-grid\">\n            <div class=\"content-container\"\n                 data-aos=\"fade-down\">\n                                    <div class=\"content-container d-flex h-100 align-items-center pt-5 pt-lg-9 pb-0 pb-lg-0 \"\n                         data-aos=\"fade-down\" data-aos-anchor=\"#bptb-block-page-header-69e7fce76420f\">\n                        <div class=\"inner inner-container\">\n                            <div class=\"row justify-content-center\">\n                                <div class=\"col-12 col-lg-12\">\n                                    <div class=\"acf-innerblocks-container\">\n\n<h1 class=\"wp-block-heading has-primary-color has-text-color has-link-color wp-elements-6fd5237e1362b462a14cae2cfcc65f41\">Assurance des frais cons\u00e9cutifs \u00e0 une op\u00e9ration de chirurgie plastique<\/h1>\n\n\n<div id=\"bptb-block-button-group-69e7fce7624bd\" class=\"bp-block-button-group\">\n    <div class=\"acf-innerblocks-container d-flex flex-wrap flex-row justify-content-start\">\n    \n    <a href=\"https:\/\/www.doctolib.de\/gemeinschaftspraxis\/saarbruecken\/centerplast\/booking\/insurance-sector?specialityId=1297&amp;telehealth=false&amp;placeId=practice-115021&amp;profile_skipped=true&amp;vmid=2500603&amp;visit_motive_category_id=84756&amp;speciality_ids%5B%5D=1297&amp;utm_source=centerplast-website-button&amp;utm_medium=referral&amp;utm_campaign=website-button&amp;utm_content=custom&amp;bookingFunnelSource=external_referral\" class=\"bp-block-button-item btn btn-icon-link btn-icon  btn-arrow-circle-white-right\" target=\"\">\n                                                <i class=\"icon icon-arrow-circle-white-right\"><\/i>\n            \n                            <span class=\"btn-text text-primaire\">Prendre rendez-vous<\/span>\n            <\/a>\n\n<\/div>\n<\/div>\n<\/div>\n                                <\/div>\n                            <\/div>\n                        <\/div>\n                    <\/div>\n                \n            <\/div>\n\n            <div class=\"image-container\">\n                <picture>\n                    <img fetchpriority=\"high\" decoding=\"async\" src=\"https:\/\/www.centerplast.de\/wp-content\/uploads\/2024\/04\/folgekostenversicherung-bei-plastischen-operationen-600x690.jpg\"\n                         alt=\"\"\n                         width=\"600\"\n                         height=\"690\"\n                         loading=\"eager\"\n                         class=\"img-fluid\"\n                         data-aos=\"fade-down\">\n                <\/picture>\n            <\/div>\n\n            <div class=\"breadcrumb-outer bg-secondary-light\">\n                <div class=\"before bg-secondary-light\"><\/div>\n                    <section class=\"breadcrumb-container  pt-3 py-lg-3\">\n                                   <div class=\"row\">\n                    <div class=\"col-12 col-md-6\">\n                        <div class=\"animation-container overflow-navigation\" data-aos=\"fade-down\" data-aos-anchor=\"#page-header\">\n                            <nav  aria-label=\"Fil d&#039;Ariane\"><ol class=\"breadcrumb overflow-element\" itemscope itemtype=\"https:\/\/schema.org\/BreadcrumbList\"><li class=\"breadcrumb-item active\" aria-current=\"page\" itemprop=\"itemListElement\" itemscope itemtype=\"https:\/\/schema.org\/ListItem\"><span itemprop=\"name\">Page d&rsquo;accueil<\/span><meta itemprop=\"position\" content=\"1\"><\/li><\/ol><\/nav>\n                            <div class=\"overflow-navigation-items\">\n                                <button type=\"button\" class=\"btn btn-overflow btn-overflow-prev d-none\" aria-label=\"button left\">\n                                    <i class=\"icon icon-chevron-left\" title=\"left\"><\/i>\n                                <\/button>\n                                <button type=\"button\" class=\"btn btn-overflow btn-overflow-next\" aria-label=\"button right\">\n                                    <i class=\"icon icon-chevron-right\" title=\"right\"><\/i>\n                                <\/button>\n                            <\/div>\n                        <\/div>\n                    <\/div>\n                <\/div>\n                    <\/section>\n                <div class=\"after bg-secondary-light\"><\/div>\n            <\/div>\n\n        <\/div>\n\n    <\/div>\n\n<\/div>    \n<\/section>\n\n\n                                                    \n<div id=\"bptb-block-container-69e7fce7658ed\" class=\"bp-block-container alignfull position-relative bg-secondary-light pt-6 pt-lg-9 pb-6 pb-lg-9 is-layout-flow wp-block-bp-container-is-layout-flow\"\n        >\n\n    \n                            <div class=\"container container-small \">\n                    <div class=\"acf-innerblocks-container\">\n\n<h2 class=\"wp-block-heading has-text-align-left\">Qu&rsquo;est-ce qu&rsquo;une assurance de suivi ?<\/h2>\n\n\n\n<p>Un traitement comporte des opportunit\u00e9s, mais aussi des risques. Conform\u00e9ment au \u00a7 52 al. 2 SGB V, \u00ab\u00a0la caisse d&rsquo;assurance maladie doit faire participer les assur\u00e9s aux frais dans une mesure appropri\u00e9e\u00a0\u00bb si des risques n\u00e9cessitant un traitement apparaissent apr\u00e8s une op\u00e9ration esth\u00e9tique.<\/p>\n\n\n\n<p>Malgr\u00e9 tout le soin apport\u00e9 \u00e0 la planification et \u00e0 l&rsquo;ex\u00e9cution, des complications peuvent survenir dans certaines circonstances pendant et apr\u00e8s l&rsquo;op\u00e9ration. Le cas \u00e9ch\u00e9ant, il en r\u00e9sulte d&rsquo;autres traitements, des mesures de soins intensifs et des op\u00e9rations.<\/p>\n\n\n\n<p>Avant d&rsquo;effectuer des interventions esth\u00e9tiques, il convient de souscrire une assurance de suivi. Une assurance frais de suite sert \u00e0 couvrir les risques financiers d&rsquo;un \u00e9ventuel traitement ult\u00e9rieur n\u00e9cessaire apr\u00e8s une op\u00e9ration esth\u00e9tique non indiqu\u00e9e m\u00e9dicalement.<\/p>\n\n<\/div>\n                <\/div>\n            \n<\/div>\n\n\n                                                    \n<div id=\"bptb-block-container-69e7fce768da2\" class=\"bp-block-container alignfull position-relative bg-secondary-light pt-6 pt-lg-4 pb-6 pb-lg-9 is-layout-flow wp-block-bp-container-is-layout-flow\"\n        >\n\n    \n                            <div class=\"container container-medium \">\n                    <div class=\"acf-innerblocks-container\">\n<div id=\"bptb-block-text-image-section-69e7fce768bb6\" class=\"bp-block-text-image-section mb-nlc-8 mb-nlc-lg-9 changed-order-mobile\">\n    <div class=\"row align-items-start gy-5 gy-lg-0 gx-lg-0\">\n\n        <div class=\"z-3 col-12 col-lg-6 order-lg-2 order-2 \">\n            <div class=\"acf-innerblocks-container\">\n\n<h2 class=\"wp-block-heading is-style-display-3\" id=\"die-leistungen-und-konditionen-der-versicherungsanbieter-variieren\">Les prestations et les conditions des prestataires d&rsquo;assurance varient<\/h2>\n\n\n\n<p>Les assureurs suivants sont cit\u00e9s \u00e0 titre d&rsquo;exemple :<\/p>\n\n\n\n<ul class=\"is-style-check wp-block-list\">\n<li>Medassure, Jahnke Hoyer &amp; Cie GmbH. Assekuranz- &amp; Kreditmakler, Konrad-Adenauer-Ufer 39, 50668 K\u00f6ln, e-mail : info@medassure.de, t\u00e9l. : 0221 &#8211; 390 99 55 50<\/li>\n\n\n\n<li>Safe 4 Beauty, Stollwerckstr. 7b, 51149 Cologne, e-mail : kontakt@safe4beauty.de, t\u00e9l.<\/li>\n\n\n\n<li>Beautyprotect, quadmed AG, Landstrasse 36, FL-9495 Triesen, Liechtenstein, e-mail : info@beautyprotect.com, t\u00e9l. : 05123 &#8211; 400 0097<\/li>\n<\/ul>\n\n<\/div>\n        <\/div>\n\n        <div class=\"mt-lg-n2 image-container position-relative intersection-animate z-3 animation-swipe swipe2right col-12 col-md-6 col-lg-6 offset-lg-0 order-1\n            mb-5 mb-md-0\"\n             intersection-target=\".animated-img\">\n                                            <div class=\"image-outer \">\n                    <div class=\"image-inner-container animated-img position-relative\">\n                        <img decoding=\"async\"\n                                src=\"https:\/\/www.centerplast.de\/wp-content\/uploads\/2024\/04\/aerzte-unterhalten-sich-mit-patient-615x485.jpg\"\n                                alt=\"\"\n                                width=\"615\"\n                                height=\"485\"\n                                loading=\"lazy\"\n                                class=\"img-fluid\"\n                        >\n                    <\/div>\n                <\/div>\n                    <\/div>\n    <\/div>\n<\/div>\n<\/div>\n                <\/div>\n            \n<\/div>\n\n\n                                                    \n<div id=\"bptb-block-container-69e7fce7698e2\" class=\"bp-block-container alignfull position-relative bg-white pt-6 pt-lg-9 pb-6 pb-lg-9 is-layout-flow wp-block-bp-container-is-layout-flow\"\n        >\n\n    \n                            <div class=\"container container-small \">\n                    <div class=\"acf-innerblocks-container\">\n\n<h2 class=\"wp-block-heading is-style-display-3\">Nous vous prions de comprendre que nous ne pouvons pas faire de recommandation.<\/h2>\n\n\n\n<p>Nous vous conseillons de v\u00e9rifier attentivement les cotisations d&rsquo;assurance et surtout les garanties. Nous avons dress\u00e9 une liste des principales questions \u00e0 aborder avec le fournisseur d&rsquo;assurance :<\/p>\n\n\n\n<ul class=\"is-style-check wp-block-list\">\n<li>Quelle est la dur\u00e9e de la couverture ?<\/li>\n\n\n\n<li>Quelle est l&rsquo;\u00e9tendue de la couverture d&rsquo;assurance ?<\/li>\n\n\n\n<li>Une participation de l&rsquo;assurance maladie obligatoire est-elle requise ?<\/li>\n\n\n\n<li>Une franchise est-elle exig\u00e9e ?<\/li>\n\n\n\n<li>Quel est le montant maximal de la couverture ?<\/li>\n\n\n\n<li>Les traitements de correction esth\u00e9tique sont-ils rembours\u00e9s ?<\/li>\n\n\n\n<li>Quelle est la couverture d&rsquo;assurance en cas de combinaison de plusieurs types de traitement ?<\/li>\n\n\n\n<li>Quelle est la couverture d&rsquo;assurance en cas d&rsquo;utilisation d&rsquo;implants concernant la rupture de l&rsquo;implant, la contracture capsulaire, le d\u00e9placement ou la torsion de l&rsquo;implant, le lymphome anaplasique \u00e0 grandes cellules associ\u00e9 \u00e0 l&rsquo;implant mammaire ?<\/li>\n\n\n\n<li>En g\u00e9n\u00e9ral, le risque op\u00e9ratoire est plus \u00e9lev\u00e9 chez les fumeurs, les personnes souffrant de glyc\u00e9mie, d&rsquo;ob\u00e9sit\u00e9 ou d&rsquo;\u00e2ge avanc\u00e9, et plus faible chez les non-fumeurs, les patients en bonne sant\u00e9, de poids normal ou jeunes. Existe-t-il des tarifs diff\u00e9rents ou des prestations diff\u00e9rentes en fonction de l&rsquo;\u00e9tat de sant\u00e9 ?<\/li>\n<\/ul>\n\n\n\n<p>Nous ne pouvons pas \u00eatre tenus responsables, en particulier en ce qui concerne l&rsquo;exactitude, l&rsquo;exhaustivit\u00e9 et l&rsquo;actualit\u00e9 des informations relatives aux assurances de frais cons\u00e9cutifs.<\/p>\n\n<\/div>\n                <\/div>\n            \n<\/div>\n\n\n<div id=\"bptb-block-personal-advice-69e7fce76b349\" class=\"bp-block-personal-advice position-relative  bg-secondary-light overflow-x-hidden alignfull\"\ndata-overlapping=\"true\">\n            <div class=\"overlapping d-none d-lg-block bg-white\"\n        style=&quot;height:20%;&quot;><\/div>\n        <div class=\"container text-primary py-7 py-lg-0\">\n        <div class=\"row justify-content-center\">\n            <div class=\"col-lg-10\">\n                <div class=\"row\">\n                                            <div class=\"col-lg-6\">\n                            <div class=\"image-container position-relative d-none d-lg-block\">\n                                <img decoding=\"async\"\n                                        src=\"https:\/\/www.centerplast.de\/wp-content\/uploads\/2024\/02\/persoenliche-beratung-600x716.png\"\n                                        alt=\"\"\n                                        width=\"600\"\n                                        height=\"716\"\n                                        loading=\"lazy\"\n                                        class=\"d-block img-fluid\"\n                                >\n                            <\/div>\n                        <\/div>\n                                        <div class=\"col-12 col-lg-5 content-col d-flex align-items-center\">\n                        <div class=\"acf-innerblocks-container\">\n\n<h2 class=\"wp-block-heading\">Conseil personnalis\u00e9<\/h2>\n\n\n\n<p class=\"has-text-align-left is-style-paragraph-1\">Nous prenons le temps de vous conseiller et de vous offrir un traitement sur mesure pour un r\u00e9sultat personnalis\u00e9.<\/p>\n\n\n<div id=\"bptb-block-button-group-69e7fce76a5f5\" class=\"bp-block-button-group\">\n    <div class=\"acf-innerblocks-container d-flex flex-wrap flex-row justify-content-start\">\n\n<a href=\"https:\/\/www.doctolib.de\/gemeinschaftspraxis\/saarbruecken\/centerplast\"\n   class=\"bp-block-button-item btn btn-icon-link btn-appointment-circle\"\n   target=\"_blank\"\n>\n\n                                <i class=\"icon icon-appointment-circle\"><\/i>\n            \n    <span class=\"btn-text \">\n        Prendre rendez-vous\n    <\/span>\n\n<\/a>\n\n\n    \n    <a href=\"https:\/\/www.centerplast.de\/fr\/a-propos-de-nous\/pratique\/consultation-video\/\" class=\"bp-block-button-item btn btn-icon-link btn-icon  btn-video-consultation-circle\" target=\"\">\n                                                <i class=\"icon icon-video-consultation-circle\"><\/i>\n            \n                            <span class=\"btn-text text-primary\">R\u00e9server une consultation vid\u00e9o<\/span>\n            <\/a>\n\n<\/div>\n<\/div>\n<\/div>\n                    <\/div>\n                <\/div>\n            <\/div>\n        <\/div>\n    <\/div>\n<\/div>\n\n\n","protected":false},"excerpt":{"rendered":"","protected":false},"author":2,"featured_media":0,"parent":6399,"menu_order":0,"comment_status":"closed","ping_status":"closed","template":"","meta":{"_acf_changed":false,"_seopress_robots_primary_cat":"","_seopress_titles_title":"Assurance des frais de suivi | CenterPlast Sarrebruck","_seopress_titles_desc":"Assurance des frais de suivi pour votre op\u00e9ration de chirurgie esth\u00e9tique chez CenterPlast \u00e0 Sarrebruck. Toutes les informations sont disponibles ici !","_seopress_robots_index":"","footnotes":""},"class_list":["post-6435","page","type-page","status-publish","hentry"],"acf":[],"_links":{"self":[{"href":"https:\/\/www.centerplast.de\/fr\/wp-json\/wp\/v2\/pages\/6435","targetHints":{"allow":["GET"]}}],"collection":[{"href":"https:\/\/www.centerplast.de\/fr\/wp-json\/wp\/v2\/pages"}],"about":[{"href":"https:\/\/www.centerplast.de\/fr\/wp-json\/wp\/v2\/types\/page"}],"author":[{"embeddable":true,"href":"https:\/\/www.centerplast.de\/fr\/wp-json\/wp\/v2\/users\/2"}],"replies":[{"embeddable":true,"href":"https:\/\/www.centerplast.de\/fr\/wp-json\/wp\/v2\/comments?post=6435"}],"version-history":[{"count":4,"href":"https:\/\/www.centerplast.de\/fr\/wp-json\/wp\/v2\/pages\/6435\/revisions"}],"predecessor-version":[{"id":8399,"href":"https:\/\/www.centerplast.de\/fr\/wp-json\/wp\/v2\/pages\/6435\/revisions\/8399"}],"up":[{"embeddable":true,"href":"https:\/\/www.centerplast.de\/fr\/wp-json\/wp\/v2\/pages\/6399"}],"wp:attachment":[{"href":"https:\/\/www.centerplast.de\/fr\/wp-json\/wp\/v2\/media?parent=6435"}],"curies":[{"name":"wp","href":"https:\/\/api.w.org\/{rel}","templated":true}]}}