{"id":6476,"date":"2024-03-27T14:20:57","date_gmt":"2024-03-27T13:20:57","guid":{"rendered":"https:\/\/www.centerplast.de\/a-propos-de-nous\/pratique\/consultation-sur-place\/"},"modified":"2024-04-23T12:55:28","modified_gmt":"2024-04-23T10:55:28","slug":"consultation-sur-place","status":"publish","type":"page","link":"https:\/\/www.centerplast.de\/fr\/a-propos-de-nous\/pratique\/consultation-sur-place\/","title":{"rendered":"Consultation sur place"},"content":{"rendered":"<section id=\"bptb-block-page-header-69e7e69b1cc4b\" class=\"bp-block-page-header position-relative alignfull\" data-type=\"text_image_overlap\"\n         \n>\n            \n    \n    \n            <div class=\"outer-container hide-overlay text-image-overlapping-block-container bg-secondary\">\n    <div class=\"after bg-secondary-light\"><\/div>\n        <div class=\"container container-medium\">\n        <div class=\"inner-grid\">\n            <div class=\"content-container\"\n                 data-aos=\"fade-down\">\n                                    <div class=\"content-container d-flex h-100 align-items-center pt-5 pt-lg-9 pb-5 pb-lg-9 \"\n                         data-aos=\"fade-down\" data-aos-anchor=\"#bptb-block-page-header-69e7e69b1cc4b\">\n                        <div class=\"inner inner-container\">\n                            <div class=\"row justify-content-center\">\n                                <div class=\"col-12 col-lg-12\">\n                                    <div class=\"acf-innerblocks-container\">\n\n<h1 class=\"wp-block-heading has-primary-color has-text-color has-link-color wp-elements-13f328f0c40df468d2ccc84d73dbe7e4\">Conseil sur site &amp;  <br>Prendre rendez-vous<\/h1>\n\n\n<div id=\"bptb-block-button-group-69e7e69b1b21d\" class=\"bp-block-button-group\">\n    <div class=\"acf-innerblocks-container d-flex flex-wrap flex-row justify-content-start\">\n    \n    <a href=\"https:\/\/www.doctolib.de\/gemeinschaftspraxis\/saarbruecken\/centerplast\/booking\/insurance-sector?specialityId=1297&amp;telehealth=false&amp;placeId=practice-115021&amp;profile_skipped=true&amp;vmid=2500488&amp;visit_motive_category_id=84754&amp;speciality_ids%5B%5D=1297&amp;utm_source=centerplast-website-button&amp;utm_medium=referral&amp;utm_campaign=website-button&amp;utm_content=custom&amp;bookingFunnelSource=external_referral\" class=\"bp-block-button-item btn btn-icon-link btn-icon  btn-arrow-circle-white-right\" target=\"\">\n                                                <i class=\"icon icon-arrow-circle-white-right\"><\/i>\n            \n                            <span class=\"btn-text text-primaire\">Prendre rendez-vous<\/span>\n            <\/a>\n\n<\/div>\n<\/div>\n<\/div>\n                                <\/div>\n                            <\/div>\n                        <\/div>\n                    <\/div>\n                \n            <\/div>\n\n            <div class=\"image-container\">\n                <picture>\n                    <img fetchpriority=\"high\" decoding=\"async\" src=\"https:\/\/www.centerplast.de\/wp-content\/uploads\/2024\/04\/beratung-vor-ort-in-saarbruecken-600x690.jpg\"\n                         alt=\"\"\n                         width=\"600\"\n                         height=\"690\"\n                         loading=\"eager\"\n                         class=\"img-fluid\"\n                         data-aos=\"fade-down\">\n                <\/picture>\n            <\/div>\n\n            <div class=\"breadcrumb-outer bg-secondary-light\">\n                <div class=\"before bg-secondary-light\"><\/div>\n                    <section class=\"breadcrumb-container  pt-3 py-lg-3\">\n                                   <div class=\"row\">\n                    <div class=\"col-12 col-md-6\">\n                        <div class=\"animation-container overflow-navigation\" data-aos=\"fade-down\" data-aos-anchor=\"#page-header\">\n                            <nav  aria-label=\"Fil d&#039;Ariane\"><ol class=\"breadcrumb overflow-element\" itemscope itemtype=\"https:\/\/schema.org\/BreadcrumbList\"><li class=\"breadcrumb-item active\" aria-current=\"page\" itemprop=\"itemListElement\" itemscope itemtype=\"https:\/\/schema.org\/ListItem\"><span itemprop=\"name\">Page d&rsquo;accueil<\/span><meta itemprop=\"position\" content=\"1\"><\/li><\/ol><\/nav>\n                            <div class=\"overflow-navigation-items\">\n                                <button type=\"button\" class=\"btn btn-overflow btn-overflow-prev d-none\" aria-label=\"button left\">\n                                    <i class=\"icon icon-chevron-left\" title=\"left\"><\/i>\n                                <\/button>\n                                <button type=\"button\" class=\"btn btn-overflow btn-overflow-next\" aria-label=\"button right\">\n                                    <i class=\"icon icon-chevron-right\" title=\"right\"><\/i>\n                                <\/button>\n                            <\/div>\n                        <\/div>\n                    <\/div>\n                <\/div>\n                    <\/section>\n                <div class=\"after bg-secondary-light\"><\/div>\n            <\/div>\n\n        <\/div>\n\n    <\/div>\n\n<\/div>    \n<\/section>\n\n\n                                                    \n<div id=\"bptb-block-container-69e7e69b1e4c4\" class=\"bp-block-container alignfull position-relative bg-secondary-light pt-6 pt-lg-9 pb-6 pb-lg-9 is-layout-flow wp-block-bp-container-is-layout-flow\"\n        >\n\n    \n                            <div class=\"container container-small \">\n                    <div class=\"acf-innerblocks-container\">\n\n<h2 class=\"wp-block-heading\">Entretien de conseil<\/h2>\n\n\n\n<p>Ici, vous pouvez prendre un rendez-vous de consultation en ligne \u00e0 tout moment et en quelques secondes seulement. Il vous suffit de s\u00e9lectionner votre demande et le sp\u00e9cialiste que vous souhaitez consulter. Vous avez des questions sur la consultation, le traitement, le suivi ou les co\u00fbts ? Vous trouverez sur notre site Internet des informations d\u00e9taill\u00e9es sur chaque traitement.  <\/p>\n\n\n\n<p>CenterPlast ne fait aucun compromis sur votre s\u00e9curit\u00e9. Lors de la planification de votre traitement, nous ne n\u00e9gligeons aucune possibilit\u00e9 de r\u00e9duire les risques au maximum. Pour votre s\u00e9curit\u00e9 et afin de pouvoir vous conseiller au mieux, nous vous demandons de r\u00e9pondre \u00e0 un bref questionnaire de sant\u00e9 avant la consultation. Nous avons besoin de ces informations pour pouvoir identifier \u00e0 temps les risques \u00e9ventuels et mieux les pr\u00e9venir. Notez qu&rsquo;il faut environ 15 minutes pour r\u00e9pondre compl\u00e8tement et consciencieusement. Vos r\u00e9ponses permettront au chirurgien de se pr\u00e9parer \u00e0 votre consultation. Pr\u00e9voyez environ 30 minutes pour l&rsquo;entretien de conseil. Les m\u00e9decins sp\u00e9cialistes hautement qualifi\u00e9s vous demanderont quels sont vos objectifs et vos souhaits de changement. Ensuite, la zone du corps \u00e0 traiter est examin\u00e9e en d\u00e9tail. Les sp\u00e9cialistes vous pr\u00e9senteront les options de traitement et r\u00e9pondront \u00e0 toutes vos questions. Vous recevrez des explications d\u00e9taill\u00e9es et un devis \u00e9crit personnalis\u00e9. Les dates de traitement possibles peuvent \u00e9galement \u00eatre discut\u00e9es avec vous. Comme nous attachons une grande importance \u00e0 une consultation compl\u00e8te, nous vous proposons, si vous souhaitez une op\u00e9ration, un deuxi\u00e8me rendez-vous afin de clarifier d&rsquo;autres questions. Veuillez noter que nous ne pouvons fixer une date d&rsquo;op\u00e9ration de mani\u00e8re ferme qu&rsquo;apr\u00e8s la signature du contrat de traitement.<\/p>\n\n\n\n<p>Nous vous attendons avec impatience !<\/p>\n\n\n<div id=\"bptb-block-button-group-69e7e69b1d55b\" class=\"bp-block-button-group\">\n    <div class=\"acf-innerblocks-container d-flex flex-wrap flex-row justify-content-start\">\n    \n    <a href=\"https:\/\/www.doctolib.de\/gemeinschaftspraxis\/saarbruecken\/centerplast\" class=\"bp-block-button-item btn btn-icon-link btn-icon  btn-arrow-circle-coloured-right\" target=\"_blank\">\n                                                <svg xmlns=\"http:\/\/www.w3.org\/2000\/svg\" xml:space=\"preserve\" x=\"0\" y=\"0\" version=\"1.1\" viewBox=\"0 0 64 64\">\n  <circle id=\"Ellipse_34\" cx=\"36.6\" cy=\"31.8\" r=\"26.8\" style=\"fill:#d9c69e\"\/>\n\t<g transform=\"translate(0 20)\">\n    <path d=\"M43.5 19.9c-.3 0-.5-.1-.7-.3-.4-.4-.4-1 0-1.4l6.3-6.3-6.3-6.3c-.4-.4-.4-1 0-1.4.4-.4 1-.4 1.4 0l7.7 7.7-7.7 7.7c-.2.2-.4.3-.7.3z\" class=\"st1\"\/>\n\t\t<path d=\"M43.5 12.9H1.4c-.6 0-1-.4-1-1s.4-1 1-1h42.1c.6 0 1 .4 1 1s-.4 1-1 1z\" class=\"st1\"\/>\n  <\/g>\n<\/svg>\n            \n                            <span class=\"btn-text text-primaire\">Prendre rendez-vous<\/span>\n            <\/a>\n\n<\/div>\n<\/div>\n<\/div>\n                <\/div>\n            \n<\/div>\n\n\n                                                    \n<div id=\"bptb-block-container-69e7e69b1fe4f\" class=\"bp-block-container alignfull position-relative bg-white pt-6 pt-lg-9 pb-6 pb-lg-9 is-layout-flow wp-block-bp-container-is-layout-flow\"\n        >\n\n    \n                            <div class=\"container container-medium \">\n                    <div class=\"acf-innerblocks-container\">\n\n<h3 class=\"wp-block-heading has-text-align-center\">Ce que disent nos patients<\/h3>\n\n\n    <div id=\"bptb-block-provenexpert-69e7e69b1fc75\" class=\"bp-block-provenexpert wp-block-box\"\n         data-script-url=\"https:\/\/www.provenexpert.com\/widget\/landing_centerplast.js?feedback=0&amp;avatar=1&amp;competence=1&amp;style=white\"\n         data-style-url=\"https:\/\/www.provenexpert.com\/css\/widget_landing.css\">\n        <!-- ProvenExpert Bewertungssiegel -->\n        <div id=\"pewl\"><\/div>\n        \n        <!-- ProvenExpert Bewertungssiegel Ende -->\n    <\/div>\n\n<\/div>\n                <\/div>\n            \n<\/div>\n\n\n                                                    \n<div id=\"bptb-block-container-69e7e69b20820\" class=\"bp-block-container alignfull position-relative bg-green-light pt-6 pt-lg-9 pb-6 pb-lg-9 is-layout-flow wp-block-bp-container-is-layout-flow\"\n        >\n\n    \n                            <div class=\"container container-small \">\n                    <div class=\"acf-innerblocks-container\">\n\n<h2 class=\"wp-block-heading is-style-heading-2\">Annulation de rendez-vous<\/h2>\n\n\n\n<p>Lors d&rsquo;une consultation, nous pr\u00e9voyons de vous consacrer entre 30 et 60 minutes. Nous nous effor\u00e7ons de proposer \u00e0 tous les patients un rendez-vous dans les meilleurs d\u00e9lais. Cela n&rsquo;est possible que parce que nos patients arrivent \u00e0 l&rsquo;heure au rendez-vous ou annulent \u00e0 temps si cela ne fonctionne pas. L&rsquo;annulation d&rsquo;un rendez-vous est gratuite si elle est effectu\u00e9e au plus tard 48 heures avant la date convenue. L&rsquo;annulation peut se faire facilement via le formulaire de contact ou par t\u00e9l\u00e9phone. Comme nous sommes un cabinet de rendez-vous uniquement, il est d&rsquo;usage et conforme \u00e0 la loi de vous facturer une absence en cas de non-pr\u00e9sentation ou d&rsquo;annulation trop tardive. Les honoraires d&rsquo;absence sont exon\u00e9r\u00e9s sur pr\u00e9sentation d&rsquo;un certificat m\u00e9dical, d&rsquo;un certificat administratif ou d&rsquo;une attestation de l&#8217;employeur indiquant que vous n&rsquo;avez pas pu vous rendre au rendez-vous. Veuillez noter qu&rsquo;un certificat correspondant doit \u00eatre disponible dans les 14 jours.<\/p>\n\n<\/div>\n                <\/div>\n            \n<\/div>\n\n\n<div id=\"bptb-block-personal-advice-69e7e69b21d73\" class=\"bp-block-personal-advice position-relative  bg-secondary-light overflow-x-hidden alignfull\"\ndata-overlapping=\"true\">\n            <div class=\"overlapping d-none d-lg-block bg-green-light\"\n        style=&quot;height:20%;&quot;><\/div>\n        <div class=\"container text-primary py-7 py-lg-0\">\n        <div class=\"row justify-content-center\">\n            <div class=\"col-lg-10\">\n                <div class=\"row\">\n                                            <div class=\"col-lg-6\">\n                            <div class=\"image-container position-relative d-none d-lg-block\">\n                                <img decoding=\"async\"\n                                        src=\"https:\/\/www.centerplast.de\/wp-content\/uploads\/2024\/02\/persoenliche-beratung-min-600x716.png\"\n                                        alt=\"\"\n                                        width=\"600\"\n                                        height=\"716\"\n                                        loading=\"lazy\"\n                                        class=\"d-block img-fluid\"\n                                >\n                            <\/div>\n                        <\/div>\n                                        <div class=\"col-12 col-lg-5 content-col d-flex align-items-center\">\n                        <div class=\"acf-innerblocks-container\">\n\n<h2 class=\"wp-block-heading\">Conseil personnalis\u00e9<\/h2>\n\n\n\n<p class=\"has-text-align-left is-style-paragraph-1\">Nous prenons le temps de vous conseiller et de vous offrir un traitement sur mesure pour un r\u00e9sultat personnalis\u00e9.<\/p>\n\n\n<div id=\"bptb-block-button-group-69e7e69b20d86\" class=\"bp-block-button-group\">\n    <div class=\"acf-innerblocks-container d-flex flex-wrap flex-row justify-content-start\">\n    \n    <a href=\"https:\/\/www.doctolib.de\/gemeinschaftspraxis\/saarbruecken\/centerplast\" class=\"bp-block-button-item btn btn-icon-link btn-icon  btn-appointment-circle\" target=\"\">\n                                                <i class=\"icon icon-appointment-circle\"><\/i>\n            \n                            <span class=\"btn-text text-primary\">Prendre rendez-vous<\/span>\n            <\/a>\n\n\n    \n    <a href=\"https:\/\/www.centerplast.de\/fr\/a-propos-de-nous\/pratique\/consultation-video\/\" class=\"bp-block-button-item btn btn-icon-link btn-icon  btn-video-consultation-circle\" target=\"\">\n                                                <i class=\"icon icon-video-consultation-circle\"><\/i>\n            \n                            <span class=\"btn-text text-primary\">R\u00e9server une consultation vid\u00e9o<\/span>\n            <\/a>\n\n<\/div>\n<\/div>\n<\/div>\n                    <\/div>\n                <\/div>\n            <\/div>\n        <\/div>\n    <\/div>\n<\/div>\n\n\n","protected":false},"excerpt":{"rendered":"","protected":false},"author":2,"featured_media":6190,"parent":6405,"menu_order":0,"comment_status":"closed","ping_status":"closed","template":"","meta":{"_acf_changed":false,"_seopress_robots_primary_cat":"","_seopress_titles_title":"Consultation sur place | CenterPlast Sarrebruck","_seopress_titles_desc":"D\u00e9couvrez tout ce qui concerne votre traitement chez CenterPlast. Nous prenons le temps de vous \u00e9couter. Demandez conseil maintenant !","_seopress_robots_index":"","footnotes":""},"class_list":["post-6476","page","type-page","status-publish","has-post-thumbnail","hentry"],"acf":[],"_links":{"self":[{"href":"https:\/\/www.centerplast.de\/fr\/wp-json\/wp\/v2\/pages\/6476","targetHints":{"allow":["GET"]}}],"collection":[{"href":"https:\/\/www.centerplast.de\/fr\/wp-json\/wp\/v2\/pages"}],"about":[{"href":"https:\/\/www.centerplast.de\/fr\/wp-json\/wp\/v2\/types\/page"}],"author":[{"embeddable":true,"href":"https:\/\/www.centerplast.de\/fr\/wp-json\/wp\/v2\/users\/2"}],"replies":[{"embeddable":true,"href":"https:\/\/www.centerplast.de\/fr\/wp-json\/wp\/v2\/comments?post=6476"}],"version-history":[{"count":3,"href":"https:\/\/www.centerplast.de\/fr\/wp-json\/wp\/v2\/pages\/6476\/revisions"}],"predecessor-version":[{"id":8419,"href":"https:\/\/www.centerplast.de\/fr\/wp-json\/wp\/v2\/pages\/6476\/revisions\/8419"}],"up":[{"embeddable":true,"href":"https:\/\/www.centerplast.de\/fr\/wp-json\/wp\/v2\/pages\/6405"}],"wp:featuredmedia":[{"embeddable":true,"href":"https:\/\/www.centerplast.de\/fr\/wp-json\/wp\/v2\/media\/6190"}],"wp:attachment":[{"href":"https:\/\/www.centerplast.de\/fr\/wp-json\/wp\/v2\/media?parent=6476"}],"curies":[{"name":"wp","href":"https:\/\/api.w.org\/{rel}","templated":true}]}}