{"id":6482,"date":"2024-03-27T14:21:07","date_gmt":"2024-03-27T13:21:07","guid":{"rendered":"https:\/\/www.centerplast.de\/a-propos-de-nous\/pratique\/consultation-video\/"},"modified":"2024-04-23T12:57:51","modified_gmt":"2024-04-23T10:57:51","slug":"consultation-video","status":"publish","type":"page","link":"https:\/\/www.centerplast.de\/fr\/a-propos-de-nous\/pratique\/consultation-video\/","title":{"rendered":"Consultation vid\u00e9o"},"content":{"rendered":"<section id=\"bptb-block-page-header-69e81054de427\" class=\"bp-block-page-header position-relative alignfull\" data-type=\"text_image_overlap\"\n         \n>\n            \n    \n    \n            <div class=\"outer-container hide-overlay text-image-overlapping-block-container bg-secondary\">\n    <div class=\"after bg-secondary-light\"><\/div>\n        <div class=\"container container-medium\">\n        <div class=\"inner-grid\">\n            <div class=\"content-container\"\n                 data-aos=\"fade-down\">\n                                    <div class=\"content-container d-flex h-100 align-items-center pt-5 pt-lg-9 pb-5 pb-lg-9 \"\n                         data-aos=\"fade-down\" data-aos-anchor=\"#bptb-block-page-header-69e81054de427\">\n                        <div class=\"inner inner-container\">\n                            <div class=\"row justify-content-center\">\n                                <div class=\"col-12 col-lg-12\">\n                                    <div class=\"acf-innerblocks-container\">\n\n<h1 class=\"wp-block-heading has-primary-color has-text-color has-link-color wp-elements-c6ac0ead12dd62a8317a40f1a5abf126\">Consultation par vid\u00e9o<\/h1>\n\n\n<div id=\"bptb-block-button-group-69e81054dcb0d\" class=\"bp-block-button-group\">\n    <div class=\"acf-innerblocks-container d-flex flex-wrap flex-row justify-content-start\">\n    \n    <a href=\"https:\/\/www.centerplast.de\/onlinesprechstunde-buchen\/\" class=\"bp-block-button-item btn btn-icon-link btn-icon  btn-arrow-circle-white-right\" target=\"\">\n                                                <i class=\"icon icon-arrow-circle-white-right\"><\/i>\n            \n                            <span class=\"btn-text text-primaire\">R\u00e9server une consultation en ligne<\/span>\n            <\/a>\n\n<\/div>\n<\/div>\n<\/div>\n                                <\/div>\n                            <\/div>\n                        <\/div>\n                    <\/div>\n                \n            <\/div>\n\n            <div class=\"image-container\">\n                <picture>\n                    <img fetchpriority=\"high\" decoding=\"async\" src=\"https:\/\/www.centerplast.de\/wp-content\/uploads\/2024\/04\/videosprechstunde-in-saarbruecken-600x690.jpg\"\n                         alt=\"\"\n                         width=\"600\"\n                         height=\"690\"\n                         loading=\"eager\"\n                         class=\"img-fluid\"\n                         data-aos=\"fade-down\">\n                <\/picture>\n            <\/div>\n\n            <div class=\"breadcrumb-outer bg-secondary-light\">\n                <div class=\"before bg-secondary-light\"><\/div>\n                    <section class=\"breadcrumb-container  pt-3 py-lg-3\">\n                                   <div class=\"row\">\n                    <div class=\"col-12 col-md-6\">\n                        <div class=\"animation-container overflow-navigation\" data-aos=\"fade-down\" data-aos-anchor=\"#page-header\">\n                            <nav  aria-label=\"Fil d&#039;Ariane\"><ol class=\"breadcrumb overflow-element\" itemscope itemtype=\"https:\/\/schema.org\/BreadcrumbList\"><li class=\"breadcrumb-item active\" aria-current=\"page\" itemprop=\"itemListElement\" itemscope itemtype=\"https:\/\/schema.org\/ListItem\"><span itemprop=\"name\">Page d&rsquo;accueil<\/span><meta itemprop=\"position\" content=\"1\"><\/li><\/ol><\/nav>\n                            <div class=\"overflow-navigation-items\">\n                                <button type=\"button\" class=\"btn btn-overflow btn-overflow-prev d-none\" aria-label=\"button left\">\n                                    <i class=\"icon icon-chevron-left\" title=\"left\"><\/i>\n                                <\/button>\n                                <button type=\"button\" class=\"btn btn-overflow btn-overflow-next\" aria-label=\"button right\">\n                                    <i class=\"icon icon-chevron-right\" title=\"right\"><\/i>\n                                <\/button>\n                            <\/div>\n                        <\/div>\n                    <\/div>\n                <\/div>\n                    <\/section>\n                <div class=\"after bg-secondary-light\"><\/div>\n            <\/div>\n\n        <\/div>\n\n    <\/div>\n\n<\/div>    \n<\/section>\n\n\n                                                    \n<div id=\"bptb-block-container-69e81054e15b8\" class=\"bp-block-container alignfull position-relative bg-secondary-light pt-6 pt-lg-9 pb-6 pb-lg-9 is-layout-flow wp-block-bp-container-is-layout-flow\"\n        >\n\n    \n                            <div class=\"container container-small \">\n                    <div class=\"acf-innerblocks-container\">\n\n<h2 class=\"wp-block-heading\">Vous souhaitez b\u00e9n\u00e9ficier d&rsquo;une consultation par vid\u00e9o ?<\/h2>\n\n\n\n<p>Que ce soit sur place ou lors d&rsquo;un entretien personnel dans le cadre d&rsquo;une consultation vid\u00e9o, le Dr Santos Stahl et le Dr Stahl, privat-docent, vous consacrent toute leur attention !<\/p>\n\n\n\n<p>Avec une consultation vid\u00e9o, vous pouvez obtenir des conseils personnalis\u00e9s \u00e0 un moment flexible, o\u00f9 que vous soyez dans le monde. Ce moyen rapide et simple est \u00e9galement adapt\u00e9 pour obtenir un deuxi\u00e8me avis \u00e0 moindre co\u00fbt.<\/p>\n\n\n\n<h3 class=\"wp-block-heading is-style-heading-4\" id=\"de332-1\">Comment se d\u00e9roule une consultation vid\u00e9o chez CenterPlast ?<\/h3>\n\n\n\n<ol class=\"wp-block-list\">\n<li>S\u00e9lectionner l&rsquo;APP souhait\u00e9e<\/li>\n\n\n\n<li>Choisir une date<\/li>\n\n\n\n<li>Payer en ligne<\/li>\n\n\n\n<li>Confirmer le rendez-vous<\/li>\n\n\n\n<li>D\u00e9marrer une consultation vid\u00e9o<\/li>\n<\/ol>\n\n\n\n<h3 class=\"wp-block-heading is-style-heading-4\" id=\"de332-2\">Combien de temps dure l&rsquo;eConsultation \/ la consultation vid\u00e9o CenterPlast et combien co\u00fbte-t-elle ?<\/h3>\n\n\n\n<p>Une consultation vid\u00e9o dure 20 minutes et co\u00fbte 69 euros.<\/p>\n\n\n<div id=\"bptb-block-button-group-69e81054e0655\" class=\"bp-block-button-group\">\n    <div class=\"acf-innerblocks-container d-flex flex-wrap flex-row justify-content-start\">\n    \n    <a href=\"https:\/\/www.centerplast.de\/onlinesprechstunde-buchen\/\" class=\"bp-block-button-item btn btn-icon-link btn-icon  btn-arrow-circle-coloured-right\" target=\"\">\n                                                <svg xmlns=\"http:\/\/www.w3.org\/2000\/svg\" xml:space=\"preserve\" x=\"0\" y=\"0\" version=\"1.1\" viewBox=\"0 0 64 64\">\n  <circle id=\"Ellipse_34\" cx=\"36.6\" cy=\"31.8\" r=\"26.8\" style=\"fill:#d9c69e\"\/>\n\t<g transform=\"translate(0 20)\">\n    <path d=\"M43.5 19.9c-.3 0-.5-.1-.7-.3-.4-.4-.4-1 0-1.4l6.3-6.3-6.3-6.3c-.4-.4-.4-1 0-1.4.4-.4 1-.4 1.4 0l7.7 7.7-7.7 7.7c-.2.2-.4.3-.7.3z\" class=\"st1\"\/>\n\t\t<path d=\"M43.5 12.9H1.4c-.6 0-1-.4-1-1s.4-1 1-1h42.1c.6 0 1 .4 1 1s-.4 1-1 1z\" class=\"st1\"\/>\n  <\/g>\n<\/svg>\n            \n                            <span class=\"btn-text text-primaire\">R\u00e9server une consultation en ligne<\/span>\n            <\/a>\n\n<\/div>\n<\/div>\n<\/div>\n                <\/div>\n            \n<\/div>\n\n\n                                                    \n<div id=\"bptb-block-container-69e81054e1eea\" class=\"bp-block-container alignfull position-relative bg-white pt-6 pt-lg-9 pb-6 pb-lg-9 is-layout-flow wp-block-bp-container-is-layout-flow\"\n        >\n\n    \n                            <div class=\"container container-medium \">\n                    <div class=\"acf-innerblocks-container\">\n\n<h3 class=\"wp-block-heading has-text-align-center\">Ce que disent nos patients<\/h3>\n\n\n    <div id=\"bptb-block-provenexpert-69e81054e1d18\" class=\"bp-block-provenexpert wp-block-box\"\n         data-script-url=\"https:\/\/www.provenexpert.com\/widget\/landing_centerplast.js?feedback=0&amp;avatar=1&amp;competence=1&amp;style=white\"\n         data-style-url=\"https:\/\/www.provenexpert.com\/css\/widget_landing.css\">\n        <!-- ProvenExpert Bewertungssiegel -->\n        <div id=\"pewl\"><\/div>\n        \n        <!-- ProvenExpert Bewertungssiegel Ende -->\n    <\/div>\n\n<\/div>\n                <\/div>\n            \n<\/div>\n\n\n                                                    \n<div id=\"bptb-block-container-69e81054e37af\" class=\"bp-block-container alignfull position-relative bg-green-light pt-6 pt-lg-9 pb-6 pb-lg-9 is-layout-flow wp-block-bp-container-is-layout-flow\"\n        >\n\n    \n                            <div class=\"container container-medium \">\n                    <div class=\"acf-innerblocks-container\">\n<div class=\"bp-block-row\" id=\"bptb-block-row-69e81054e3536\">\n    <div class=\"row  gx-xl-8 gx-lg-default gx-md-default gy-5 gy-lg-0 p0 pnone p0 pnone \">\n\n<div class=\"bp-block-column col-12 col-lg\" id=\"bptb-block-column-69e81054e2426\">\n    \n\n<h2 class=\"wp-block-heading is-style-heading-2\">Sept raisons pour lesquelles nous proposons une consultation vid\u00e9o \u00e0 nos patients :<\/h2>\n\n\n\n<ol class=\"wp-block-list\">\n<li>Vous pouvez obtenir l&rsquo;expertise d&rsquo;un sp\u00e9cialiste dans le confort de votre domicile, \u00e0 des heures de consultation flexibles.<\/li>\n\n\n\n<li>Si vous venez de France ou du Luxembourg, la consultation vid\u00e9o vous \u00e9vite un long d\u00e9placement. Vous gagnez beaucoup de temps et contribuez \u00e0 la protection du climat.<\/li>\n\n\n\n<li>Vos objectifs personnels peuvent \u00eatre discut\u00e9s. Les m\u00e9decins sp\u00e9cialistes vous indiqueront les meilleures options de traitement. Les risques et les alternatives de traitement ainsi que le traitement postop\u00e9ratoire optimal peuvent \u00e9galement \u00eatre abord\u00e9s.<\/li>\n\n\n\n<li>Si vous vous \u00eates d\u00e9j\u00e0 rendu sur place, le Dr Santos Stahl ou le Dr Priv. Doz. Stahl peut discuter avec vous des r\u00e9sultats d&rsquo;examens compl\u00e9mentaires ou de nouveaux r\u00e9sultats par le biais de consultations vid\u00e9o.<\/li>\n\n\n\n<li>Apr\u00e8s une op\u00e9ration, votre chirurgien peut discuter de votre bien-\u00eatre, de l&rsquo;\u00e9volution de la cicatrisation et d&rsquo;autres recommandations de soins postop\u00e9ratoires par le biais d&rsquo;une consultation vid\u00e9o. Cela permet de r\u00e9duire les rendez-vous sur place.<\/li>\n\n\n\n<li>La consultation vid\u00e9o vous \u00e9vite de devoir chercher une place de parking, ce qui va de pair avec la situation exclusive de CenterPlast dans la zone pi\u00e9tonne de Saarbr\u00fccken.<\/li>\n\n\n\n<li>Avec notre offre de consultation vid\u00e9o, nous contribuons \u00e0 l&rsquo;am\u00e9lioration des soins modernes aux patients.<\/li>\n<\/ol>\n\n\n<\/div>\n\n\n<div class=\"bp-block-column col-12 col-lg\" id=\"bptb-block-column-69e81054e2ae1\">\n    \n\n<figure class=\"wp-block-image size-full is-resized is-style-border-20\"><img decoding=\"async\" width=\"923\" height=\"729\" src=\"https:\/\/www.centerplast.de\/wp-content\/uploads\/2024\/04\/gruende-fuer-eine-videosprechstunde-bei-centerplast.jpg\" loading=\"lazy\" alt=\"Dr Stahl - un chirurgien plastique hautement qualifi\u00e9\" class=\"wp-image-4716\" style=\"width:626px;height:auto\" srcset=\"https:\/\/www.centerplast.de\/wp-content\/uploads\/2024\/04\/gruende-fuer-eine-videosprechstunde-bei-centerplast.jpg 923w, https:\/\/www.centerplast.de\/wp-content\/uploads\/2024\/04\/gruende-fuer-eine-videosprechstunde-bei-centerplast-300x237.jpg 300w, https:\/\/www.centerplast.de\/wp-content\/uploads\/2024\/04\/gruende-fuer-eine-videosprechstunde-bei-centerplast-768x607.jpg 768w, https:\/\/www.centerplast.de\/wp-content\/uploads\/2024\/04\/gruende-fuer-eine-videosprechstunde-bei-centerplast-480x379.jpg 480w, https:\/\/www.centerplast.de\/wp-content\/uploads\/2024\/04\/gruende-fuer-eine-videosprechstunde-bei-centerplast-615x485.jpg 615w, https:\/\/www.centerplast.de\/wp-content\/uploads\/2024\/04\/gruende-fuer-eine-videosprechstunde-bei-centerplast-400x315.jpg 400w, https:\/\/www.centerplast.de\/wp-content\/uploads\/2024\/04\/gruende-fuer-eine-videosprechstunde-bei-centerplast-850x671.jpg 850w, https:\/\/www.centerplast.de\/wp-content\/uploads\/2024\/04\/gruende-fuer-eine-videosprechstunde-bei-centerplast-600x474.jpg 600w, https:\/\/www.centerplast.de\/wp-content\/uploads\/2024\/04\/gruende-fuer-eine-videosprechstunde-bei-centerplast-590x466.jpg 590w\" sizes=\"auto, (max-width: 923px) 100vw, 923px\" \/><\/figure>\n\n\n\n<p><\/p>\n\n\n<\/div>\n<\/div>\n<\/div>\n<\/div>\n                <\/div>\n            \n<\/div>\n\n\n<div id=\"bptb-block-personal-advice-69e81054e4c63\" class=\"bp-block-personal-advice position-relative  bg-secondary-light overflow-x-hidden alignfull\"\ndata-overlapping=\"true\">\n            <div class=\"overlapping d-none d-lg-block bg-green-light\"\n        style=&quot;height:20%;&quot;><\/div>\n        <div class=\"container text-primary py-7 py-lg-0\">\n        <div class=\"row justify-content-center\">\n            <div class=\"col-lg-10\">\n                <div class=\"row\">\n                                            <div class=\"col-lg-6\">\n                            <div class=\"image-container position-relative d-none d-lg-block\">\n                                <img decoding=\"async\"\n                                        src=\"https:\/\/www.centerplast.de\/wp-content\/uploads\/2024\/02\/persoenliche-beratung-min-600x716.png\"\n                                        alt=\"\"\n                                        width=\"600\"\n                                        height=\"716\"\n                                        loading=\"lazy\"\n                                        class=\"d-block img-fluid\"\n                                >\n                            <\/div>\n                        <\/div>\n                                        <div class=\"col-12 col-lg-5 content-col d-flex align-items-center\">\n                        <div class=\"acf-innerblocks-container\">\n\n<h2 class=\"wp-block-heading\">Conseil personnalis\u00e9<\/h2>\n\n\n\n<p class=\"has-text-align-left is-style-paragraph-1\">Nous prenons le temps de vous conseiller et de vous offrir un traitement sur mesure pour un r\u00e9sultat personnalis\u00e9.<\/p>\n\n\n<div id=\"bptb-block-button-group-69e81054e3d27\" class=\"bp-block-button-group\">\n    <div class=\"acf-innerblocks-container d-flex flex-wrap flex-row justify-content-start\">\n    \n    <a href=\"https:\/\/www.doctolib.de\/gemeinschaftspraxis\/saarbruecken\/centerplast\" class=\"bp-block-button-item btn btn-icon-link btn-icon  btn-appointment-circle\" target=\"\">\n                                                <i class=\"icon icon-appointment-circle\"><\/i>\n            \n                            <span class=\"btn-text text-primary\">Prendre rendez-vous<\/span>\n            <\/a>\n\n\n    \n    <a href=\"https:\/\/www.centerplast.de\/fr\/a-propos-de-nous\/pratique\/consultation-video\/\" class=\"bp-block-button-item btn btn-icon-link btn-icon  btn-video-consultation-circle\" target=\"\">\n                                                <i class=\"icon icon-video-consultation-circle\"><\/i>\n            \n                            <span class=\"btn-text text-primary\">R\u00e9server une consultation vid\u00e9o<\/span>\n            <\/a>\n\n<\/div>\n<\/div>\n<\/div>\n                    <\/div>\n                <\/div>\n            <\/div>\n        <\/div>\n    <\/div>\n<\/div>\n\n\n","protected":false},"excerpt":{"rendered":"","protected":false},"author":2,"featured_media":6204,"parent":6405,"menu_order":0,"comment_status":"closed","ping_status":"closed","template":"","meta":{"_acf_changed":false,"_seopress_robots_primary_cat":"","_seopress_titles_title":"Consultation vid\u00e9o | CenterPlast Sarrebruck","_seopress_titles_desc":"Des conseils flexibles sur votre traitement plastique et esth\u00e9tique chez CenterPlast. R\u00e9servez d\u00e8s maintenant une consultation vid\u00e9o !","_seopress_robots_index":"","footnotes":""},"class_list":["post-6482","page","type-page","status-publish","has-post-thumbnail","hentry"],"acf":[],"_links":{"self":[{"href":"https:\/\/www.centerplast.de\/fr\/wp-json\/wp\/v2\/pages\/6482","targetHints":{"allow":["GET"]}}],"collection":[{"href":"https:\/\/www.centerplast.de\/fr\/wp-json\/wp\/v2\/pages"}],"about":[{"href":"https:\/\/www.centerplast.de\/fr\/wp-json\/wp\/v2\/types\/page"}],"author":[{"embeddable":true,"href":"https:\/\/www.centerplast.de\/fr\/wp-json\/wp\/v2\/users\/2"}],"replies":[{"embeddable":true,"href":"https:\/\/www.centerplast.de\/fr\/wp-json\/wp\/v2\/comments?post=6482"}],"version-history":[{"count":3,"href":"https:\/\/www.centerplast.de\/fr\/wp-json\/wp\/v2\/pages\/6482\/revisions"}],"predecessor-version":[{"id":8421,"href":"https:\/\/www.centerplast.de\/fr\/wp-json\/wp\/v2\/pages\/6482\/revisions\/8421"}],"up":[{"embeddable":true,"href":"https:\/\/www.centerplast.de\/fr\/wp-json\/wp\/v2\/pages\/6405"}],"wp:featuredmedia":[{"embeddable":true,"href":"https:\/\/www.centerplast.de\/fr\/wp-json\/wp\/v2\/media\/6204"}],"wp:attachment":[{"href":"https:\/\/www.centerplast.de\/fr\/wp-json\/wp\/v2\/media?parent=6482"}],"curies":[{"name":"wp","href":"https:\/\/api.w.org\/{rel}","templated":true}]}}