{"id":6494,"date":"2024-03-27T14:23:24","date_gmt":"2024-03-27T13:23:24","guid":{"rendered":"https:\/\/www.centerplast.de\/a-propos-de-nous\/qualite\/des-informations-serieuses-sur-la-sante\/"},"modified":"2024-04-23T13:11:52","modified_gmt":"2024-04-23T11:11:52","slug":"des-informations-serieuses-sur-la-sante","status":"publish","type":"page","link":"https:\/\/www.centerplast.de\/fr\/a-propos-de-nous\/qualite\/des-informations-serieuses-sur-la-sante\/","title":{"rendered":"Des informations s\u00e9rieuses sur la sant\u00e9"},"content":{"rendered":"<section id=\"bptb-block-page-header-69e7fcee8f582\" class=\"bp-block-page-header position-relative alignfull\" data-type=\"text_image_overlap\"\n         \n>\n            \n    \n    \n            <div class=\"outer-container hide-overlay text-image-overlapping-block-container bg-secondary\">\n    <div class=\"after bg-secondary-light\"><\/div>\n        <div class=\"container container-medium\">\n        <div class=\"inner-grid\">\n            <div class=\"content-container\"\n                 data-aos=\"fade-down\">\n                                    <div class=\"content-container d-flex h-100 align-items-center pt-5 pt-lg-9 pb-5 pb-lg-9 \"\n                         data-aos=\"fade-down\" data-aos-anchor=\"#bptb-block-page-header-69e7fcee8f582\">\n                        <div class=\"inner inner-container\">\n                            <div class=\"row justify-content-center\">\n                                <div class=\"col-12 col-lg-12\">\n                                    <div class=\"acf-innerblocks-container\">\n\n<h1 class=\"wp-block-heading has-primary-color has-text-color has-link-color wp-elements-834ecca6747d33ec9f45872e319288e2\">Des informations s\u00e9rieuses sur la sant\u00e9<\/h1>\n\n\n<div id=\"bptb-block-button-group-69e7fcee8da38\" class=\"bp-block-button-group\">\n    <div class=\"acf-innerblocks-container d-flex flex-wrap flex-row justify-content-start\">\n    \n    <a href=\"https:\/\/www.doctolib.de\/gemeinschaftspraxis\/saarbruecken\/centerplast\/booking\/insurance-sector?specialityId=1297&amp;telehealth=false&amp;placeId=practice-115021&amp;profile_skipped=true&amp;vmid=2604884&amp;visit_motive_category_id=84756&amp;speciality_ids%5B%5D=1297&amp;utm_source=centerplast-website-button&amp;utm_medium=referral&amp;utm_campaign=website-button&amp;utm_content=custom&amp;bookingFunnelSource=external_referral\" class=\"bp-block-button-item btn btn-icon-link btn-icon  btn-arrow-circle-white-right\" target=\"\">\n                                                <i class=\"icon icon-arrow-circle-white-right\"><\/i>\n            \n                            <span class=\"btn-text text-primaire\">Prendre rendez-vous<\/span>\n            <\/a>\n\n<\/div>\n<\/div>\n<\/div>\n                                <\/div>\n                            <\/div>\n                        <\/div>\n                    <\/div>\n                \n            <\/div>\n\n            <div class=\"image-container\">\n                <picture>\n                    <img fetchpriority=\"high\" decoding=\"async\" src=\"https:\/\/www.centerplast.de\/wp-content\/uploads\/2024\/04\/serioese-gesundheitsinformationen-bei-centerplast-600x690.jpg\"\n                         alt=\"\"\n                         width=\"600\"\n                         height=\"690\"\n                         loading=\"eager\"\n                         class=\"img-fluid\"\n                         data-aos=\"fade-down\">\n                <\/picture>\n            <\/div>\n\n            <div class=\"breadcrumb-outer bg-secondary-light\">\n                <div class=\"before bg-secondary-light\"><\/div>\n                    <section class=\"breadcrumb-container  pt-3 py-lg-3\">\n                                   <div class=\"row\">\n                    <div class=\"col-12 col-md-6\">\n                        <div class=\"animation-container overflow-navigation\" data-aos=\"fade-down\" data-aos-anchor=\"#page-header\">\n                            <nav  aria-label=\"Fil d&#039;Ariane\"><ol class=\"breadcrumb overflow-element\" itemscope itemtype=\"https:\/\/schema.org\/BreadcrumbList\"><li class=\"breadcrumb-item active\" aria-current=\"page\" itemprop=\"itemListElement\" itemscope itemtype=\"https:\/\/schema.org\/ListItem\"><span itemprop=\"name\">Page d&rsquo;accueil<\/span><meta itemprop=\"position\" content=\"1\"><\/li><\/ol><\/nav>\n                            <div class=\"overflow-navigation-items\">\n                                <button type=\"button\" class=\"btn btn-overflow btn-overflow-prev d-none\" aria-label=\"button left\">\n                                    <i class=\"icon icon-chevron-left\" title=\"left\"><\/i>\n                                <\/button>\n                                <button type=\"button\" class=\"btn btn-overflow btn-overflow-next\" aria-label=\"button right\">\n                                    <i class=\"icon icon-chevron-right\" title=\"right\"><\/i>\n                                <\/button>\n                            <\/div>\n                        <\/div>\n                    <\/div>\n                <\/div>\n                    <\/section>\n                <div class=\"after bg-secondary-light\"><\/div>\n            <\/div>\n\n        <\/div>\n\n    <\/div>\n\n<\/div>    \n<\/section>\n\n\n                                                    \n<div id=\"bptb-block-container-69e7fcee91fb8\" class=\"bp-block-container alignfull position-relative bg-secondary-light pt-6 pt-lg-9 pb-6 pb-lg-9 is-layout-flow wp-block-bp-container-is-layout-flow\"\n        >\n\n    \n                            <div class=\"container container-small \">\n                    <div class=\"acf-innerblocks-container\">\n\n<h2 class=\"wp-block-heading mt-0\">Quelle est la qualit\u00e9 de \u00ab\u00a0Dr. Google\u00a0\u00bb ?<\/h2>\n\n\n\n<p>Tous les renseignements sur la sant\u00e9 que nous propose le moteur de recherche ne sont pas forc\u00e9ment exacts, vrais ou s\u00e9rieux. La question se pose donc : quelle est la qualit\u00e9 de Dr. Google ?<\/p>\n\n\n\n<p>Les informations sur Internet peuvent \u00eatre utiles. Cependant, ils ne remplacent pas de longues ann\u00e9es d&rsquo;\u00e9tudes, de formation et d&rsquo;exp\u00e9rience professionnelle. La qualit\u00e9 de ces textes doit \u00eatre examin\u00e9e de pr\u00e8s. Les bons textes se distinguent par les caract\u00e9ristiques suivantes :<\/p>\n\n\n\n<ul class=\"is-style-check wp-block-list\">\n<li>Le nom de l&rsquo;auteur des textes est mentionn\u00e9.<\/li>\n\n\n\n<li>Les comp\u00e9tences de l&rsquo;auteur sont compr\u00e9hensibles gr\u00e2ce \u00e0 sa formation, ses t\u00e9moignages et son exp\u00e9rience professionnelle.<\/li>\n\n\n\n<li>Les sources des \u00e9tudes cliniques sont mentionn\u00e9es.<\/li>\n\n\n\n<li>Les influences exerc\u00e9es sur le contenu des textes par l&rsquo;industrie pharmaceutique\/des dispositifs m\u00e9dicaux, les caisses d&rsquo;assurance maladie ou les groupes d&rsquo;int\u00e9r\u00eat dans le domaine de la sant\u00e9 sont divulgu\u00e9es.<\/li>\n\n\n\n<li>Des m\u00e9thodes de traitement alternatives sont discut\u00e9es.<\/li>\n\n\n\n<li>Les avantages et les inconv\u00e9nients du traitement sont d\u00e9crits.<\/li>\n\n\n\n<li>Les textes ne contiennent aucune promesse de gu\u00e9rison.<\/li>\n\n\n\n<li>Les limites d&rsquo;un traitement sont mises en \u00e9vidence.<\/li>\n<\/ul>\n\n<\/div>\n                <\/div>\n            \n<\/div>\n\n\n                                                    \n<div id=\"bptb-block-container-69e7fcee93191\" class=\"bp-block-container alignfull position-relative bg-white pt-6 pt-lg-9 pb-6 pb-lg-9 is-layout-flow wp-block-bp-container-is-layout-flow\"\n        >\n\n    \n                            <div class=\"container container-small \">\n                    <div class=\"acf-innerblocks-container\">\n\n<h2 class=\"wp-block-heading mt-0\">Que signifie \u00ab\u00a0fond\u00e9 sur des donn\u00e9es probantes\u00a0\u00bb ?<\/h2>\n\n\n\n<p>Les recommandations concernant un traitement, un examen ou une pr\u00e9vention doivent \u00eatre bas\u00e9es sur des faits. De tels faits doivent pouvoir \u00eatre v\u00e9rifi\u00e9s de mani\u00e8re fiable par plusieurs personnes. Les faits scientifiques sont fournis par des \u00e9tudes. Ces faits ou r\u00e9alit\u00e9s sont appel\u00e9s preuves. Les d\u00e9clarations qui se r\u00e9f\u00e8rent aux r\u00e9sultats d&rsquo;\u00e9tudes scientifiques sont appel\u00e9es \u00ab\u00a0evidence-based\u00a0\u00bb.<\/p>\n\n\n\n<p>La pertinence des \u00e9tudes peut \u00eatre divis\u00e9e en niveaux :<\/p>\n\n\n\n<ul class=\"is-style-check wp-block-list\">\n<li>Les rapports sur un seul cas et les avis d&rsquo;experts ont moins de valeur que les rapports sur plusieurs cas (s\u00e9ries de cas).<\/li>\n\n\n\n<li>Les s\u00e9ries de cas ont une valeur informative moindre que l&rsquo;\u00e9tude d&rsquo;un groupe de personnes atteintes et la comparaison directe avec des personnes non atteintes (\u00e9tude cas-t\u00e9moins).<\/li>\n\n\n\n<li>Le praticien et le patient peuvent influencer le traitement et son r\u00e9sultat. Les \u00e9tudes dans lesquelles ni le praticien ni le patient ne savent quel produit a \u00e9t\u00e9 administr\u00e9 sont \u00e0 l&rsquo;abri de ces influences qui faussent les r\u00e9sultats. Cette m\u00e9thode est appel\u00e9e \u00ab\u00a0aveugle\u00a0\u00bb. Si c&rsquo;est le hasard qui d\u00e9cide quel patient re\u00e7oit quel traitement, une autre influence de distorsion est \u00e9limin\u00e9e. Cette approche s&rsquo;appelle la randomisation. Les \u00e9tudes randomis\u00e9es en aveugle sont de meilleure qualit\u00e9 que les \u00e9tudes cas-t\u00e9moins.<\/li>\n\n\n\n<li>Les conclusions de plusieurs \u00e9tudes de qualit\u00e9 et comparables sont les plus pertinentes.<\/li>\n<\/ul>\n\n\n\n<p>Le <a href=\"https:\/\/www.cebm.net\/\" target=\"_blank\" rel=\"noreferrer noopener\">Centre d&rsquo;Oxford pour la m\u00e9decine fond\u00e9e sur les preuves<\/a> a fait progresser le d\u00e9veloppement et l&rsquo;enseignement de la prise de d\u00e9cision m\u00e9dicale fond\u00e9e sur les faits depuis 1995.<\/p>\n\n\n\n<p>Les \u00e9tudes sont \u00e9galement class\u00e9es selon des crit\u00e8res de qualit\u00e9. L&rsquo;examen d&rsquo;un grand nombre de patients apr\u00e8s plusieurs ann\u00e9es et un examen statistique minutieux plaident en faveur d&rsquo;une bonne \u00e9tude. Plusieurs m\u00e9thodes de d\u00e9tection d&rsquo;une maladie sont g\u00e9n\u00e9ralement plus fiables qu&rsquo;un seul examen. L&rsquo;\u00e2ge, le poids corporel, la cigarette, la consommation r\u00e9guli\u00e8re d&rsquo;alcool ou la prise de m\u00e9dicaments peuvent influencer l&rsquo;issue d&rsquo;une maladie. La prise en compte et l&rsquo;\u00e9valuation des facteurs d&rsquo;influence interd\u00e9pendants caract\u00e9risent une bonne \u00e9tude.<\/p>\n\n\n\n<p class=\"mb-md-6\">Le <a href=\"https:\/\/www.icmje.org\/\" target=\"_blank\" rel=\"noreferrer noopener\">Comit\u00e9 international des \u00e9diteurs de revues m\u00e9dicales<\/a> \u00e9met des directives pour la publication d&rsquo;\u00e9tudes scientifiques selon des crit\u00e8res \u00e9thiques et scientifiques. Plus de cinq mille revues scientifiques ont adopt\u00e9 ces recommandations dans leurs directives. La description transparente des m\u00e9thodes et la divulgation de la partialit\u00e9 sont des pratiques courantes dans les revues scientifiques.<\/p>\n\n\n\n<h3 class=\"wp-block-heading is-style-display-3\" id=\"123-3\">Sources ind\u00e9pendantes et s\u00e9rieuses<\/h3>\n\n\n\n<p>Avant de prendre une d\u00e9cision, il est n\u00e9cessaire d&rsquo;obtenir des informations \u00e9quilibr\u00e9es et de confiance. CenterPlast attache une grande importance \u00e0 l&rsquo;\u00e9ducation de ses patients. Nos chirurgiens font de leur mieux pour vous aider \u00e0 comprendre des situations complexes. Ce n&rsquo;est qu&rsquo;en \u00e9quipe que les m\u00e9decins et les patients parviennent \u00e0 la meilleure d\u00e9cision possible. Des experts reconnus et exp\u00e9riment\u00e9s dans le domaine de la science et des soins aux patients ont cr\u00e9\u00e9 des r\u00e9seaux et des communaut\u00e9s de travail. L&rsquo;objectif de ces organisations est d&rsquo;examiner tous les faits disponibles afin d&rsquo;aider les m\u00e9decins et les patients \u00e0 \u00e9valuer les b\u00e9n\u00e9fices et les risques. Les sources suivantes sont s\u00e9rieuses, transparentes et ind\u00e9pendantes :<\/p>\n\n\n\n<ul class=\"is-style-check wp-block-list\">\n<li><a href=\"https:\/\/www.ebm-netzwerk.de\/de\" target=\"_blank\" rel=\"noreferrer noopener\">R\u00e9seau allemand de m\u00e9decine fond\u00e9e sur les preuves (DNEbM)<\/a><\/li>\n\n\n\n<li><a href=\"https:\/\/www.cochrane.de\/\" target=\"_blank\" rel=\"noreferrer noopener\">Collaboration Cochrane<\/a><\/li>\n\n\n\n<li><a href=\"https:\/\/www.awmf.org\/awmf-online-das-portal-der-wissenschaftlichen-medizin\/awmf-aktuell.html\" target=\"_blank\" rel=\"noreferrer noopener\">Groupe de travail des soci\u00e9t\u00e9s m\u00e9dicales scientifiques (AWMF)<\/a><\/li>\n\n\n\n<li><a href=\"https:\/\/www.aezq.de\/\" target=\"_blank\" rel=\"noreferrer noopener\">Centre m\u00e9dical pour la qualit\u00e9 en m\u00e9decine (\u00c4ZQ)<\/a><\/li>\n<\/ul>\n\n<\/div>\n                <\/div>\n            \n<\/div>\n\n\n<div id=\"bptb-block-personal-advice-69e7fcee94c4e\" class=\"bp-block-personal-advice position-relative  bg-secondary-light overflow-x-hidden alignfull\"\ndata-overlapping=\"true\">\n            <div class=\"overlapping d-none d-lg-block bg-white\"\n        style=&quot;height:20%;&quot;><\/div>\n        <div class=\"container text-primary py-7 py-lg-0\">\n        <div class=\"row justify-content-center\">\n            <div class=\"col-lg-10\">\n                <div class=\"row\">\n                                            <div class=\"col-lg-6\">\n                            <div class=\"image-container position-relative d-none d-lg-block\">\n                                <img decoding=\"async\"\n                                        src=\"https:\/\/www.centerplast.de\/wp-content\/uploads\/2024\/02\/persoenliche-beratung-600x716.png\"\n                                        alt=\"\"\n                                        width=\"600\"\n                                        height=\"716\"\n                                        loading=\"lazy\"\n                                        class=\"d-block img-fluid\"\n                                >\n                            <\/div>\n                        <\/div>\n                                        <div class=\"col-12 col-lg-5 content-col d-flex align-items-center\">\n                        <div class=\"acf-innerblocks-container\">\n\n<h2 class=\"wp-block-heading\">Conseil personnalis\u00e9<\/h2>\n\n\n\n<p class=\"has-text-align-left is-style-paragraph-1\">Nous prenons le temps de vous conseiller et de vous offrir un traitement sur mesure pour un r\u00e9sultat personnalis\u00e9.<\/p>\n\n\n<div id=\"bptb-block-button-group-69e7fcee93e53\" class=\"bp-block-button-group\">\n    <div class=\"acf-innerblocks-container d-flex flex-wrap flex-row justify-content-start\">\n\n<a href=\"https:\/\/www.doctolib.de\/gemeinschaftspraxis\/saarbruecken\/centerplast\"\n   class=\"bp-block-button-item btn btn-icon-link btn-appointment-circle\"\n   target=\"_blank\"\n>\n\n                                <i class=\"icon icon-appointment-circle\"><\/i>\n            \n    <span class=\"btn-text \">\n        Prendre rendez-vous\n    <\/span>\n\n<\/a>\n\n\n    \n    <a href=\"https:\/\/www.centerplast.de\/fr\/a-propos-de-nous\/pratique\/consultation-video\/\" class=\"bp-block-button-item btn btn-icon-link btn-icon  btn-video-consultation-circle\" target=\"\">\n                                                <i class=\"icon icon-video-consultation-circle\"><\/i>\n            \n                            <span class=\"btn-text text-primary\">R\u00e9server une consultation vid\u00e9o<\/span>\n            <\/a>\n\n<\/div>\n<\/div>\n<\/div>\n                    <\/div>\n                <\/div>\n            <\/div>\n        <\/div>\n    <\/div>\n<\/div>\n\n\n","protected":false},"excerpt":{"rendered":"","protected":false},"author":2,"featured_media":0,"parent":6411,"menu_order":0,"comment_status":"closed","ping_status":"closed","template":"","meta":{"_acf_changed":false,"_seopress_robots_primary_cat":"","_seopress_titles_title":"Informations s\u00e9rieuses sur la sant\u00e9 | CenterPlast Sarrebruck","_seopress_titles_desc":"A quoi devez-vous faire attention lorsque vous demandez des informations sur la sant\u00e9 \u00e0 l'internat ? Nos sp\u00e9cialistes sont l\u00e0 pour vous aider !","_seopress_robots_index":"","footnotes":""},"class_list":["post-6494","page","type-page","status-publish","hentry"],"acf":[],"_links":{"self":[{"href":"https:\/\/www.centerplast.de\/fr\/wp-json\/wp\/v2\/pages\/6494","targetHints":{"allow":["GET"]}}],"collection":[{"href":"https:\/\/www.centerplast.de\/fr\/wp-json\/wp\/v2\/pages"}],"about":[{"href":"https:\/\/www.centerplast.de\/fr\/wp-json\/wp\/v2\/types\/page"}],"author":[{"embeddable":true,"href":"https:\/\/www.centerplast.de\/fr\/wp-json\/wp\/v2\/users\/2"}],"replies":[{"embeddable":true,"href":"https:\/\/www.centerplast.de\/fr\/wp-json\/wp\/v2\/comments?post=6494"}],"version-history":[{"count":3,"href":"https:\/\/www.centerplast.de\/fr\/wp-json\/wp\/v2\/pages\/6494\/revisions"}],"predecessor-version":[{"id":8431,"href":"https:\/\/www.centerplast.de\/fr\/wp-json\/wp\/v2\/pages\/6494\/revisions\/8431"}],"up":[{"embeddable":true,"href":"https:\/\/www.centerplast.de\/fr\/wp-json\/wp\/v2\/pages\/6411"}],"wp:attachment":[{"href":"https:\/\/www.centerplast.de\/fr\/wp-json\/wp\/v2\/media?parent=6494"}],"curies":[{"name":"wp","href":"https:\/\/api.w.org\/{rel}","templated":true}]}}