{"id":6524,"date":"2024-04-08T20:34:09","date_gmt":"2024-04-08T18:34:09","guid":{"rendered":"https:\/\/www.centerplast.de\/candidature-en-ligne\/"},"modified":"2024-04-26T11:52:34","modified_gmt":"2024-04-26T09:52:34","slug":"candidature-en-ligne","status":"publish","type":"page","link":"https:\/\/www.centerplast.de\/fr\/candidature-en-ligne\/","title":{"rendered":"Candidature en ligne"},"content":{"rendered":"                                                    \n<div id=\"bptb-block-container-69eb9b32f3ae5\" class=\"bp-block-container alignfull position-relative bg-white pt-6 pt-lg-0 pb-6 pb-lg-0 is-layout-flow wp-block-bp-container-is-layout-flow\"\n        >\n\n    \n                            <div class=\"container container-medium \">\n                    <div class=\"acf-innerblocks-container\">\n    <section class=\"breadcrumb-container  pt-3 pt-lg-5 is-layout-flow wp-block-bp-breadcrumbs-is-layout-flow\">\n                                   <div class=\"animation-container overflow-navigation\" data-aos=\"fade-down\" data-aos-anchor=\"#page-header\">\n                    <nav  aria-label=\"Fil d&#039;Ariane\"><ol class=\"breadcrumb overflow-element\" itemscope itemtype=\"https:\/\/schema.org\/BreadcrumbList\"><li class=\"breadcrumb-item active\" aria-current=\"page\" itemprop=\"itemListElement\" itemscope itemtype=\"https:\/\/schema.org\/ListItem\"><span itemprop=\"name\">Page d&rsquo;accueil<\/span><meta itemprop=\"position\" content=\"1\"><\/li><\/ol><\/nav>\n                    <div class=\"overflow-navigation-items\">\n                        <button type=\"button\" class=\"btn btn-overflow btn-overflow-prev d-none\" aria-label=\"button left\">\n                            <i class=\"icon icon-chevron-left\" title=\"left\"><\/i>\n                        <\/button>\n                        <button type=\"button\" class=\"btn btn-overflow btn-overflow-next\" aria-label=\"button right\">\n                            <i class=\"icon icon-chevron-right\" title=\"right\"><\/i>\n                        <\/button>\n                    <\/div>\n                <\/div>\n                    <\/section>\n\n<\/div>\n                <\/div>\n            \n<\/div>\n                                                    \n<div id=\"bptb-block-container-69eb9b33003ed\" class=\"bp-block-container alignfull position-relative bg-white pt-6 pt-lg-9 pb-6 pb-lg-9 is-layout-flow wp-block-bp-container-is-layout-flow\"\n        >\n\n    \n                            <div class=\"container container-small \">\n                    <div class=\"acf-innerblocks-container\">\n\n<p class=\"is-style-headline-teaser\">Carri\u00e8re<\/p>\n\n\n\n<h1 class=\"wp-block-heading\">Candidature en ligne<\/h1>\n\n\n\n<p>CenterPlast est un cabinet de chirurgie plastique et esth\u00e9tique moderne et spacieux situ\u00e9 au c\u0153ur de Sarrebruck. L&rsquo;\u00e9ventail des interventions comprend la chirurgie esth\u00e9tique, la chirurgie reconstructive, la chirurgie mammaire, la chirurgie du visage, la chirurgie intime et la chirurgie de la main. Les interventions ambulatoires sont r\u00e9alis\u00e9es dans l&rsquo;unit\u00e9 chirurgicale de 120 m\u00e8tres carr\u00e9s du cabinet et les interventions hospitali\u00e8res dans les h\u00f4pitaux locaux.<\/p>\n\n\n\n<p><\/p>\n\n\n<p class=\"mt-0 h5 fw-medium\">Initiativbewerbung<\/p>\n\n\n<\/div>\n                <\/div>\n            \n<\/div>\n","protected":false},"excerpt":{"rendered":"","protected":false},"author":2,"featured_media":0,"parent":0,"menu_order":0,"comment_status":"closed","ping_status":"closed","template":"","meta":{"_acf_changed":false,"_seopress_robots_primary_cat":"","_seopress_titles_title":"Candidature en ligne | CenterPlast","_seopress_titles_desc":"CenterPlast est un cabinet moderne de chirurgie plastique et esth\u00e9tique situ\u00e9 \u00e0 Sarrebruck. Postulez d\u00e8s maintenant !","_seopress_robots_index":"yes","footnotes":""},"class_list":["post-6524","page","type-page","status-publish","hentry"],"acf":[],"_links":{"self":[{"href":"https:\/\/www.centerplast.de\/fr\/wp-json\/wp\/v2\/pages\/6524","targetHints":{"allow":["GET"]}}],"collection":[{"href":"https:\/\/www.centerplast.de\/fr\/wp-json\/wp\/v2\/pages"}],"about":[{"href":"https:\/\/www.centerplast.de\/fr\/wp-json\/wp\/v2\/types\/page"}],"author":[{"embeddable":true,"href":"https:\/\/www.centerplast.de\/fr\/wp-json\/wp\/v2\/users\/2"}],"replies":[{"embeddable":true,"href":"https:\/\/www.centerplast.de\/fr\/wp-json\/wp\/v2\/comments?post=6524"}],"version-history":[{"count":3,"href":"https:\/\/www.centerplast.de\/fr\/wp-json\/wp\/v2\/pages\/6524\/revisions"}],"predecessor-version":[{"id":8692,"href":"https:\/\/www.centerplast.de\/fr\/wp-json\/wp\/v2\/pages\/6524\/revisions\/8692"}],"wp:attachment":[{"href":"https:\/\/www.centerplast.de\/fr\/wp-json\/wp\/v2\/media?parent=6524"}],"curies":[{"name":"wp","href":"https:\/\/api.w.org\/{rel}","templated":true}]}}