{"id":6530,"date":"2024-04-11T13:51:21","date_gmt":"2024-04-11T11:51:21","guid":{"rendered":"https:\/\/www.centerplast.de\/mediatheque\/images-avant-apres\/"},"modified":"2024-04-23T12:14:44","modified_gmt":"2024-04-23T10:14:44","slug":"images-avant-apres","status":"publish","type":"page","link":"https:\/\/www.centerplast.de\/fr\/mediatheque\/images-avant-apres\/","title":{"rendered":"Images avant\/apr\u00e8s"},"content":{"rendered":"<section id=\"bptb-block-page-header-69e7fcef89808\" class=\"bp-block-page-header position-relative alignfull\" data-type=\"text_image_overlap\"\n         \n>\n            \n    \n    \n            <div class=\"outer-container hide-overlay text-image-overlapping-block-container bg-secondary\">\n    <div class=\"after bg-secondary-light\"><\/div>\n        <div class=\"container container-medium\">\n        <div class=\"inner-grid\">\n            <div class=\"content-container\"\n                 data-aos=\"fade-down\">\n                                    <div class=\"content-container d-flex h-100 align-items-center pt-5 pt-lg-9 pb-5 pb-lg-9 \"\n                         data-aos=\"fade-down\" data-aos-anchor=\"#bptb-block-page-header-69e7fcef89808\">\n                        <div class=\"inner inner-container\">\n                            <div class=\"row justify-content-center\">\n                                <div class=\"col-12 col-lg-12\">\n                                    <div class=\"acf-innerblocks-container\">\n\n<h1 class=\"wp-block-heading has-primary-color has-text-color has-link-color wp-elements-20c662ecb56836ff2d72864179342fd5\">Images avant\/apr\u00e8s en chirurgie esth\u00e9tique<\/h1>\n\n<\/div>\n                                <\/div>\n                            <\/div>\n                        <\/div>\n                    <\/div>\n                \n            <\/div>\n\n            <div class=\"image-container\">\n                <picture>\n                    <img fetchpriority=\"high\" decoding=\"async\" src=\"https:\/\/www.centerplast.de\/wp-content\/uploads\/2024\/04\/beandlungsbilder-auf-dem-ipad-600x690.png\"\n                         alt=\"\"\n                         width=\"600\"\n                         height=\"690\"\n                         loading=\"eager\"\n                         class=\"img-fluid\"\n                         data-aos=\"fade-down\">\n                <\/picture>\n            <\/div>\n\n            <div class=\"breadcrumb-outer bg-secondary-light\">\n                <div class=\"before bg-secondary-light\"><\/div>\n                    <section class=\"breadcrumb-container  pt-3 py-lg-3\">\n                                   <div class=\"row\">\n                    <div class=\"col-12 col-md-6\">\n                        <div class=\"animation-container overflow-navigation\" data-aos=\"fade-down\" data-aos-anchor=\"#page-header\">\n                            <nav  aria-label=\"Fil d&#039;Ariane\"><ol class=\"breadcrumb overflow-element\" itemscope itemtype=\"https:\/\/schema.org\/BreadcrumbList\"><li class=\"breadcrumb-item active\" aria-current=\"page\" itemprop=\"itemListElement\" itemscope itemtype=\"https:\/\/schema.org\/ListItem\"><span itemprop=\"name\">Page d&rsquo;accueil<\/span><meta itemprop=\"position\" content=\"1\"><\/li><\/ol><\/nav>\n                            <div class=\"overflow-navigation-items\">\n                                <button type=\"button\" class=\"btn btn-overflow btn-overflow-prev d-none\" aria-label=\"button left\">\n                                    <i class=\"icon icon-chevron-left\" title=\"left\"><\/i>\n                                <\/button>\n                                <button type=\"button\" class=\"btn btn-overflow btn-overflow-next\" aria-label=\"button right\">\n                                    <i class=\"icon icon-chevron-right\" title=\"right\"><\/i>\n                                <\/button>\n                            <\/div>\n                        <\/div>\n                    <\/div>\n                <\/div>\n                    <\/section>\n                <div class=\"after bg-secondary-light\"><\/div>\n            <\/div>\n\n        <\/div>\n\n    <\/div>\n\n<\/div>    \n<\/section>\n\n\n                                                    \n<div id=\"bptb-block-container-69e7fcef8aeb3\" class=\"bp-block-container alignfull position-relative bg-secondary-light pt-6 pt-lg-9 pb-6 pb-lg-9 is-layout-flow wp-block-bp-container-is-layout-flow\"\n        >\n\n    \n                            <div class=\"container container-small \">\n                    <div class=\"acf-innerblocks-container\">\n\n<h2 class=\"wp-block-heading has-text-align-left\">Images avant et apr\u00e8s<\/h2>\n\n\n\n<p>La repr\u00e9sentation visuelle comparative du r\u00e9sultat du traitement par des photographies avant et apr\u00e8s ne peut pas \u00eatre publi\u00e9e sur Internet, conform\u00e9ment \u00e0 l&rsquo;article 1, paragraphe 1, point 2, de la loi sur la publicit\u00e9 dans le domaine de la sant\u00e9.<\/p>\n\n<\/div>\n                <\/div>\n            \n<\/div>\n\n\n                                                    \n<div id=\"bptb-block-container-69e7fcef8d8dd\" class=\"bp-block-container alignfull position-relative bg-secondary-light pt-6 pt-lg-6 pb-6 pb-lg-9 is-layout-flow wp-block-bp-container-is-layout-flow\"\n        >\n\n    \n                            <div class=\"container container-medium \">\n                    <div class=\"acf-innerblocks-container\">\n<div class=\"bp-block-row\" id=\"bptb-block-row-69e7fcef8d70d\">\n    <div class=\"row  gx-xl-8 gx-lg-default gx-md-default gy-5 gy-lg-0 p0 pnone p0 pnone \">\n\n<div class=\"bp-block-column col-12 col-lg-6 order-2 order-lg-1 has-col-class\" id=\"bptb-block-column-69e7fcef8cded\">\n    \n\n<figure class=\"wp-block-image size-full is-style-border-20\"><img decoding=\"async\" width=\"960\" height=\"720\" src=\"https:\/\/www.centerplast.de\/wp-content\/uploads\/2024\/04\/kosten-bei-centerplast.jpg\" loading=\"lazy\" alt=\"Co\u00fbts chez CenterPlast\" class=\"wp-image-4820\" srcset=\"https:\/\/www.centerplast.de\/wp-content\/uploads\/2024\/04\/kosten-bei-centerplast.jpg 960w, https:\/\/www.centerplast.de\/wp-content\/uploads\/2024\/04\/kosten-bei-centerplast-300x225.jpg 300w, https:\/\/www.centerplast.de\/wp-content\/uploads\/2024\/04\/kosten-bei-centerplast-768x576.jpg 768w, https:\/\/www.centerplast.de\/wp-content\/uploads\/2024\/04\/kosten-bei-centerplast-480x360.jpg 480w, https:\/\/www.centerplast.de\/wp-content\/uploads\/2024\/04\/kosten-bei-centerplast-850x638.jpg 850w, https:\/\/www.centerplast.de\/wp-content\/uploads\/2024\/04\/kosten-bei-centerplast-600x450.jpg 600w, https:\/\/www.centerplast.de\/wp-content\/uploads\/2024\/04\/kosten-bei-centerplast-590x443.jpg 590w\" sizes=\"auto, (max-width: 960px) 100vw, 960px\" \/><\/figure>\n\n\n<\/div>\n\n\n<div class=\"bp-block-column col-12 col-lg-6 order-1 order-lg-2 has-col-class\" id=\"bptb-block-column-69e7fcef8ceef\">\n    \n\n<p>N\u00e9anmoins, les images avant et apr\u00e8s peuvent \u00eatre utilis\u00e9es dans le cadre de l&rsquo;\u00e9ducation des patients. C&rsquo;est pourquoi nous sommes heureux de vous montrer des images avant et apr\u00e8s dans le cadre d&rsquo;un entretien d&rsquo;explication personnalis\u00e9 et, bien entendu, dans le respect de la protection des donn\u00e9es, afin de vous montrer les possibilit\u00e9s et les limites de la chirurgie esth\u00e9tique.<\/p>\n\n\n\n<p>Les simulations informatiques suscitent souvent des attentes irr\u00e9alistes, car certains patients peuvent penser (m\u00eame inconsciemment) que le r\u00e9sultat de l&rsquo;op\u00e9ration correspond exactement au r\u00e9sultat de la simulation.<\/p>\n\n\n<\/div>\n<\/div>\n<\/div>\n<\/div>\n                <\/div>\n            \n<\/div>\n\n\n                                                    \n<div id=\"bptb-block-container-69e7fcef8ddc3\" class=\"bp-block-container alignfull position-relative bg-white pt-6 pt-lg-9 pb-6 pb-lg-9 is-layout-flow wp-block-bp-container-is-layout-flow\"\n        >\n\n    \n                            <div class=\"container container-small-medium \">\n                    <div class=\"acf-innerblocks-container\">\n\n<h3 class=\"wp-block-heading is-style-display-3\">Informations sur les images avant\/apr\u00e8s chez CenterPlast<\/h3>\n\n\n\n<p>Il est compr\u00e9hensible que vous soyez int\u00e9ress\u00e9 par des images avant et apr\u00e8s, car elles peuvent servir \u00e0 illustrer le r\u00e9sultat possible du traitement pr\u00e9vu dans votre cas. Cependant, la loi sur la publicit\u00e9 dans le domaine de la sant\u00e9 interdit la publication de telles photos sur le site web. Toutefois, vous avez la possibilit\u00e9 de visualiser des images lors d&rsquo;une consultation personnelle. Il s&rsquo;agit uniquement de photos prises par nos soins et pour lesquelles nos patients ont donn\u00e9 leur autorisation expresse par \u00e9crit. Les photos ne sont en aucun cas nominatives et nous attachons une grande importance \u00e0 la protection des donn\u00e9es.<\/p>\n\n\n\n<p>En outre, nous accordons la priorit\u00e9 \u00e0 l&rsquo;objectivit\u00e9 et donc \u00e0 une comparabilit\u00e9 r\u00e9aliste. Les photos sont prises \u00e0 l&rsquo;aide d&rsquo;un \u00e9quipement photographique de haute qualit\u00e9 avec des r\u00e9glages toujours identiques (ouverture, temps d&rsquo;exposition, ISO, focales, format RAW haute r\u00e9solution). Les photos sont toujours prises avec la m\u00eame perspective, la m\u00eame posture et le m\u00eame r\u00e9glage de l&rsquo;appareil. Cela permet de garantir que la d\u00e9coupe et la luminosit\u00e9 restent les m\u00eames.<\/p>\n\n\n\n<p>Nous avons \u00e9galement d\u00e9fini des crit\u00e8res de qualit\u00e9 suppl\u00e9mentaires : Les photos sont prises sans bijoux ni maquillage et l&rsquo;arri\u00e8re-plan est uni et d\u00e9pourvu d&rsquo;objets distrayants. Lors de l&rsquo;entretien individuel, vous avez la possibilit\u00e9 de consulter des images avant et apr\u00e8s s\u00e9lectionn\u00e9es. Nous s\u00e9lectionnons les images que vous regardez lors de la r\u00e9union pr\u00e9paratoire en fonction de certains points. Nous consid\u00e9rons que des conditions comparables sont absolument n\u00e9cessaires. Seules les images avant et apr\u00e8s d&rsquo;une situation initiale analogue et d&rsquo;un r\u00e9sultat de traitement correspondant \u00e0 votre souhait sont prises en consid\u00e9ration afin que vous ayez une perception r\u00e9aliste du r\u00e9sultat possible.<\/p>\n\n<\/div>\n                <\/div>\n            \n<\/div>\n\n\n<div id=\"bptb-block-personal-advice-69e7fcef900ba\" class=\"bp-block-personal-advice position-relative  bg-secondary-light overflow-x-hidden alignfull\"\ndata-overlapping=\"true\">\n            <div class=\"overlapping d-none d-lg-block bg-white\"\n        style=&quot;height:20%;&quot;><\/div>\n        <div class=\"container text-primary py-7 py-lg-0\">\n        <div class=\"row justify-content-center\">\n            <div class=\"col-lg-10\">\n                <div class=\"row\">\n                                            <div class=\"col-lg-6\">\n                            <div class=\"image-container position-relative d-none d-lg-block\">\n                                <img decoding=\"async\"\n                                        src=\"https:\/\/www.centerplast.de\/wp-content\/uploads\/2024\/02\/persoenliche-beratung-600x716.png\"\n                                        alt=\"\"\n                                        width=\"600\"\n                                        height=\"716\"\n                                        loading=\"lazy\"\n                                        class=\"d-block img-fluid\"\n                                >\n                            <\/div>\n                        <\/div>\n                                        <div class=\"col-12 col-lg-5 content-col d-flex align-items-center\">\n                        <div class=\"acf-innerblocks-container\">\n\n<h2 class=\"wp-block-heading\">Conseil personnalis\u00e9<\/h2>\n\n\n\n<p class=\"has-text-align-left is-style-paragraph-1\">Nous prenons le temps de vous conseiller et de vous offrir un traitement sur mesure pour un r\u00e9sultat personnalis\u00e9.<\/p>\n\n\n<div id=\"bptb-block-button-group-69e7fcef8f350\" class=\"bp-block-button-group\">\n    <div class=\"acf-innerblocks-container d-flex flex-wrap flex-row justify-content-start\">\n\n<a href=\"https:\/\/www.doctolib.de\/gemeinschaftspraxis\/saarbruecken\/centerplast\"\n   class=\"bp-block-button-item btn btn-icon-link btn-appointment-circle\"\n   target=\"_blank\"\n>\n\n                                <i class=\"icon icon-appointment-circle\"><\/i>\n            \n    <span class=\"btn-text \">\n        Prendre rendez-vous\n    <\/span>\n\n<\/a>\n\n\n    \n    <a href=\"https:\/\/www.centerplast.de\/fr\/a-propos-de-nous\/pratique\/consultation-video\/\" class=\"bp-block-button-item btn btn-icon-link btn-icon  btn-video-consultation-circle\" target=\"\">\n                                                <i class=\"icon icon-video-consultation-circle\"><\/i>\n            \n                            <span class=\"btn-text text-primary\">R\u00e9server une consultation vid\u00e9o<\/span>\n            <\/a>\n\n<\/div>\n<\/div>\n<\/div>\n                    <\/div>\n                <\/div>\n            <\/div>\n        <\/div>\n    <\/div>\n<\/div>\n\n\n","protected":false},"excerpt":{"rendered":"","protected":false},"author":2,"featured_media":0,"parent":6366,"menu_order":0,"comment_status":"closed","ping_status":"closed","template":"","meta":{"_acf_changed":false,"_seopress_robots_primary_cat":"","_seopress_titles_title":"Images avant et apr\u00e8s | CenterPlast Sarrebruck","_seopress_titles_desc":"Puis-je voir des exemples de photos avant mon traitement esth\u00e9tique ? Nous vous informons sur les faits.","_seopress_robots_index":"","footnotes":""},"class_list":["post-6530","page","type-page","status-publish","hentry"],"acf":[],"_links":{"self":[{"href":"https:\/\/www.centerplast.de\/fr\/wp-json\/wp\/v2\/pages\/6530","targetHints":{"allow":["GET"]}}],"collection":[{"href":"https:\/\/www.centerplast.de\/fr\/wp-json\/wp\/v2\/pages"}],"about":[{"href":"https:\/\/www.centerplast.de\/fr\/wp-json\/wp\/v2\/types\/page"}],"author":[{"embeddable":true,"href":"https:\/\/www.centerplast.de\/fr\/wp-json\/wp\/v2\/users\/2"}],"replies":[{"embeddable":true,"href":"https:\/\/www.centerplast.de\/fr\/wp-json\/wp\/v2\/comments?post=6530"}],"version-history":[{"count":3,"href":"https:\/\/www.centerplast.de\/fr\/wp-json\/wp\/v2\/pages\/6530\/revisions"}],"predecessor-version":[{"id":8389,"href":"https:\/\/www.centerplast.de\/fr\/wp-json\/wp\/v2\/pages\/6530\/revisions\/8389"}],"up":[{"embeddable":true,"href":"https:\/\/www.centerplast.de\/fr\/wp-json\/wp\/v2\/pages\/6366"}],"wp:attachment":[{"href":"https:\/\/www.centerplast.de\/fr\/wp-json\/wp\/v2\/media?parent=6530"}],"curies":[{"name":"wp","href":"https:\/\/api.w.org\/{rel}","templated":true}]}}